{"id":14857,"date":"2025-01-24T09:53:25","date_gmt":"2025-01-24T09:53:25","guid":{"rendered":"https:\/\/mdbouwmachines.be\/product\/beton-rakel\/"},"modified":"2025-01-24T09:53:25","modified_gmt":"2025-01-24T08:53:25","slug":"beton-rakel","status":"publish","type":"product","link":"https:\/\/mdbouwmachines.be\/de\/produkt\/beton-rakel\/","title":{"rendered":"Beton-Rakel"},"content":{"rendered":"","protected":false},"excerpt":{"rendered":"<p>Zum Entfernen von \u00fcbersch\u00fcssigem Wasser von der Betonoberfl\u00e4che. Lieferung mit 2 m Griff und 1 m oder 2 m Scheibenwischeroption. <\/p>\n","protected":false},"featured_media":9140,"template":"","meta":{"_acf_changed":false},"product_brand":[1135],"product_cat":[496],"product_tag":[],"class_list":{"0":"post-14857","1":"product","2":"type-product","3":"status-publish","4":"has-post-thumbnail","6":"product_brand-btc-de","7":"product_cat-handwerkzeuge-werkzeuge","9":"first","10":"instock","11":"taxable","12":"shipping-taxable","13":"purchasable","14":"product-type-variable","15":"has-default-attributes"},"acf":[],"_links":{"self":[{"href":"https:\/\/mdbouwmachines.be\/de\/wp-json\/wp\/v2\/product\/14857","targetHints":{"allow":["GET"]}}],"collection":[{"href":"https:\/\/mdbouwmachines.be\/de\/wp-json\/wp\/v2\/product"}],"about":[{"href":"https:\/\/mdbouwmachines.be\/de\/wp-json\/wp\/v2\/types\/product"}],"wp:featuredmedia":[{"embeddable":true,"href":"https:\/\/mdbouwmachines.be\/de\/wp-json\/wp\/v2\/media\/9140"}],"wp:attachment":[{"href":"https:\/\/mdbouwmachines.be\/de\/wp-json\/wp\/v2\/media?parent=14857"}],"wp:term":[{"taxonomy":"product_brand","embeddable":true,"href":"https:\/\/mdbouwmachines.be\/de\/wp-json\/wp\/v2\/product_brand?post=14857"},{"taxonomy":"product_cat","embeddable":true,"href":"https:\/\/mdbouwmachines.be\/de\/wp-json\/wp\/v2\/product_cat?post=14857"},{"taxonomy":"product_tag","embeddable":true,"href":"https:\/\/mdbouwmachines.be\/de\/wp-json\/wp\/v2\/product_tag?post=14857"}],"curies":[{"name":"wp","href":"https:\/\/api.w.org\/{rel}","templated":true}]}}