{"id":14854,"date":"2025-01-24T10:53:18","date_gmt":"2025-01-24T09:53:18","guid":{"rendered":"https:\/\/mdbouwmachines.be\/product\/einzelne-poliermaschine-90-btc\/"},"modified":"2025-06-23T12:33:35","modified_gmt":"2025-06-23T11:33:35","slug":"einzelne-poliermaschine-90-btc","status":"publish","type":"product","link":"https:\/\/mdbouwmachines.be\/de\/produkt\/einzelne-poliermaschine-90-btc\/","title":{"rendered":"BTC Single 90 Poliermaschine"},"content":{"rendered":"\n<h2 class=\"wp-block-heading\">Definition<\/h2>\n\n<p>Dieser Single 90 Polierer der Marke BTC ist mit einem GX160 5,5 PS Honda Motor ausgestattet. Das robuste Getriebe ist perfekt f\u00fcr harte und raue Bedingungen. Au\u00dferdem ist die Maschine serienm\u00e4\u00dfig mit einem fliehkraftgetriebenen Sicherheits-Stoppschalter ausgestattet, der daf\u00fcr sorgt, dass sich der Motor im Notfall automatisch abschaltet. Der robuste verchromte Griff mit 3 Rohren ist so konzipiert, dass er die Bedienung erleichtert und die Hebelwirkung erh\u00f6ht.   <\/p>\n\n<hr class=\"wp-block-separator has-alpha-channel-opacity\" \/>\n\n<h2 class=\"wp-block-heading\">Hauptmerkmale<\/h2>\n\n<ul class=\"wp-block-list\">\n<li>Pr\u00e4zise Steuerung f\u00fcr pr\u00e4zise Blattneigung<\/li>\n\n\n\n<li>Verchromter Schutzring f\u00fcr einfache Reinigung<\/li>\n\n\n\n<li>Hebehaken f\u00fcr einfachen Transport<\/li>\n\n\n\n<li>Universelle Klingen, austauschbar mit gro\u00dfen Marken<\/li>\n<\/ul>\n\n<hr class=\"wp-block-separator has-alpha-channel-opacity\" \/>\n\n<h2 class=\"wp-block-heading\">Technische Informationen<\/h2>\n\n<h3 class=\"wp-block-heading\"><strong>Allgemein<\/strong><\/h3>\n\n<figure class=\"wp-block-table\"><table class=\"has-fixed-layout\"><tbody><tr><td>Arbeitsdurchmesser<\/td><td>ca. 90 cm<\/td><\/tr><\/tbody><\/table><\/figure>\n\n<h3 class=\"wp-block-heading\"><strong>Dimensionen<\/strong><\/h3>\n\n<figure class=\"wp-block-table\"><table class=\"has-fixed-layout\"><tbody><tr><td>L\u00e4nge (mm)<\/td><td>1480<\/td><\/tr><tr><td>Breite (mm)<\/td><td>980<\/td><\/tr><tr><td>H\u00f6he (mm)<\/td><td>900<\/td><\/tr><tr><td>Gewicht (kg)<\/td><td>75 (\u00b1)<\/td><\/tr><\/tbody><\/table><\/figure>\n","protected":false},"excerpt":{"rendered":"<p>Einzelne 90 Poliermaschine der Marke BTC. Ausgestattet mit einem GX160 5,5 PS Honda Motor. <\/p>\n","protected":false},"featured_media":9120,"template":"","meta":{"_acf_changed":false},"product_brand":[1135],"product_cat":[342],"product_tag":[],"class_list":{"0":"post-14854","1":"product","2":"type-product","3":"status-publish","4":"has-post-thumbnail","6":"product_brand-btc-de","7":"product_cat-einige-poliermaschinen","9":"first","10":"instock","11":"taxable","12":"shipping-taxable","13":"purchasable","14":"product-type-simple"},"acf":[],"_links":{"self":[{"href":"https:\/\/mdbouwmachines.be\/de\/wp-json\/wp\/v2\/product\/14854","targetHints":{"allow":["GET"]}}],"collection":[{"href":"https:\/\/mdbouwmachines.be\/de\/wp-json\/wp\/v2\/product"}],"about":[{"href":"https:\/\/mdbouwmachines.be\/de\/wp-json\/wp\/v2\/types\/product"}],"wp:featuredmedia":[{"embeddable":true,"href":"https:\/\/mdbouwmachines.be\/de\/wp-json\/wp\/v2\/media\/9120"}],"wp:attachment":[{"href":"https:\/\/mdbouwmachines.be\/de\/wp-json\/wp\/v2\/media?parent=14854"}],"wp:term":[{"taxonomy":"product_brand","embeddable":true,"href":"https:\/\/mdbouwmachines.be\/de\/wp-json\/wp\/v2\/product_brand?post=14854"},{"taxonomy":"product_cat","embeddable":true,"href":"https:\/\/mdbouwmachines.be\/de\/wp-json\/wp\/v2\/product_cat?post=14854"},{"taxonomy":"product_tag","embeddable":true,"href":"https:\/\/mdbouwmachines.be\/de\/wp-json\/wp\/v2\/product_tag?post=14854"}],"curies":[{"name":"wp","href":"https:\/\/api.w.org\/{rel}","templated":true}]}}