{"id":14483,"date":"2025-01-25T10:06:01","date_gmt":"2025-01-25T09:06:01","guid":{"rendered":"https:\/\/mdbouwmachines.be\/product\/gelenk-typ-b\/"},"modified":"2025-01-25T10:06:01","modified_gmt":"2025-01-25T09:06:01","slug":"gelenk-typ-b","status":"publish","type":"product","link":"https:\/\/mdbouwmachines.be\/de\/produkt\/gelenk-typ-b\/","title":{"rendered":"Gelenk Typ B"},"content":{"rendered":"","protected":false},"excerpt":{"rendered":"<p>Kompensatoren\/Kompensatoren in verschiedenen H\u00f6hen erh\u00e4ltlich. Vermeiden Sie Schnitte, indem Sie diese Fugen platzieren, um ein saubereres Aussehen zu erzielen. Nur in L\u00e4ngen pro 3 Meter erh\u00e4ltlich, auf 1 Palette sind es 69 Meter. Der Preis wird pro Meter angezeigt.   <\/p>\n","protected":false},"featured_media":9468,"template":"","meta":{"_acf_changed":false},"product_brand":[1244],"product_cat":[789],"product_tag":[],"class_list":{"0":"post-14483","1":"product","2":"type-product","3":"status-publish","4":"has-post-thumbnail","6":"product_brand-tieppo-de","7":"product_cat-kompensatoren","9":"first","10":"instock","11":"taxable","12":"shipping-taxable","13":"purchasable","14":"product-type-variable","15":"has-default-attributes"},"acf":[],"_links":{"self":[{"href":"https:\/\/mdbouwmachines.be\/de\/wp-json\/wp\/v2\/product\/14483","targetHints":{"allow":["GET"]}}],"collection":[{"href":"https:\/\/mdbouwmachines.be\/de\/wp-json\/wp\/v2\/product"}],"about":[{"href":"https:\/\/mdbouwmachines.be\/de\/wp-json\/wp\/v2\/types\/product"}],"wp:featuredmedia":[{"embeddable":true,"href":"https:\/\/mdbouwmachines.be\/de\/wp-json\/wp\/v2\/media\/9468"}],"wp:attachment":[{"href":"https:\/\/mdbouwmachines.be\/de\/wp-json\/wp\/v2\/media?parent=14483"}],"wp:term":[{"taxonomy":"product_brand","embeddable":true,"href":"https:\/\/mdbouwmachines.be\/de\/wp-json\/wp\/v2\/product_brand?post=14483"},{"taxonomy":"product_cat","embeddable":true,"href":"https:\/\/mdbouwmachines.be\/de\/wp-json\/wp\/v2\/product_cat?post=14483"},{"taxonomy":"product_tag","embeddable":true,"href":"https:\/\/mdbouwmachines.be\/de\/wp-json\/wp\/v2\/product_tag?post=14483"}],"curies":[{"name":"wp","href":"https:\/\/api.w.org\/{rel}","templated":true}]}}