{"id":14280,"date":"2025-02-12T14:58:21","date_gmt":"2025-02-12T13:58:21","guid":{"rendered":"https:\/\/mdbouwmachines.be\/product\/float-pan-saver\/"},"modified":"2025-02-12T18:02:58","modified_gmt":"2025-02-12T17:02:58","slug":"float-pan-saver","status":"publish","type":"product","link":"https:\/\/mdbouwmachines.be\/de\/produkt\/float-pan-saver\/","title":{"rendered":"Float Pan Saver"},"content":{"rendered":"","protected":false},"excerpt":{"rendered":"<p>Ein sch\u00f6nes System, das entwickelt wurde, um eine optimale Verschlei\u00dfrendite der vorderen Arbeitsscheiben f\u00fcr schwerere Maschinen wie ALLEN, Whiteman, CONMEC, Ab Lindec zu erzielen.<\/p>\n<p>Vorteile:<br \/>\u2013 Schnellere Arbeitszeiten werden erreicht<br \/>\u2013 Die Vorarbeitsscheiben k\u00f6nnen viel l\u00e4nger halten<br \/>\u2013 Reduzierte Wartungskosten<br \/>\u2013 Weniger Ausfallzeiten<br \/>\u2013 Minimiertes Unfallrisiko<\/p>\n<p>Komplettes Set = 12 Teile (pro Arm)<br \/>Vollst\u00e4ndig patentiert und bei uns f\u00fcr ganz Europa erh\u00e4ltlich.<\/p>\n","protected":false},"featured_media":14255,"template":"","meta":{"_acf_changed":false},"product_brand":[1132],"product_cat":[363],"product_tag":[],"class_list":{"0":"post-14280","1":"product","2":"type-product","3":"status-publish","4":"has-post-thumbnail","6":"product_brand-md-bouwmachines-de","7":"product_cat-doppelpoliermaschinen","9":"first","10":"instock","11":"taxable","12":"shipping-taxable","13":"purchasable","14":"product-type-variable","15":"has-default-attributes"},"acf":[],"_links":{"self":[{"href":"https:\/\/mdbouwmachines.be\/de\/wp-json\/wp\/v2\/product\/14280","targetHints":{"allow":["GET"]}}],"collection":[{"href":"https:\/\/mdbouwmachines.be\/de\/wp-json\/wp\/v2\/product"}],"about":[{"href":"https:\/\/mdbouwmachines.be\/de\/wp-json\/wp\/v2\/types\/product"}],"wp:featuredmedia":[{"embeddable":true,"href":"https:\/\/mdbouwmachines.be\/de\/wp-json\/wp\/v2\/media\/14255"}],"wp:attachment":[{"href":"https:\/\/mdbouwmachines.be\/de\/wp-json\/wp\/v2\/media?parent=14280"}],"wp:term":[{"taxonomy":"product_brand","embeddable":true,"href":"https:\/\/mdbouwmachines.be\/de\/wp-json\/wp\/v2\/product_brand?post=14280"},{"taxonomy":"product_cat","embeddable":true,"href":"https:\/\/mdbouwmachines.be\/de\/wp-json\/wp\/v2\/product_cat?post=14280"},{"taxonomy":"product_tag","embeddable":true,"href":"https:\/\/mdbouwmachines.be\/de\/wp-json\/wp\/v2\/product_tag?post=14280"}],"curies":[{"name":"wp","href":"https:\/\/api.w.org\/{rel}","templated":true}]}}