{"id":14157,"date":"2025-02-12T12:02:01","date_gmt":"2025-02-12T11:02:01","guid":{"rendered":"https:\/\/mdbouwmachines.be\/product\/baum-cbls-300ii\/"},"modified":"2025-02-12T14:32:54","modified_gmt":"2025-02-12T13:32:54","slug":"baum-cbls-300ii","status":"publish","type":"product","link":"https:\/\/mdbouwmachines.be\/de\/produkt\/baum-cbls-300ii\/","title":{"rendered":"Baum CBLS-300II"},"content":{"rendered":"","protected":false},"excerpt":{"rendered":"<p>Der Boom Laser Betonestrich w\u00e4chst weiter mit hoher Leistung f\u00fcr innovative und produktive L\u00f6sungen f\u00fcr die Betonplatzierung und -planierung. Der 6 Meter lange Teleskopausleger reicht \u00fcber den Beton und erm\u00f6glicht das Greifen \u00fcber horizontale Bewehrung, Matten oder andere Arten von Betonbewehrung. Das leistungsstarke Hydrauliksystem steuert die H\u00f6he und den selbstnivellierenden Estrichkopf, um die Neigung beizubehalten, was zu einer verbesserten Bodennivellierung auch bei Beton mit geringem Betoniervolumen f\u00fchrt.  <\/p>\n","protected":false},"featured_media":14021,"template":"","meta":{"_acf_changed":false},"product_brand":[1220],"product_cat":[674],"product_tag":[],"class_list":{"0":"post-14157","1":"product","2":"type-product","3":"status-publish","4":"has-post-thumbnail","6":"product_brand-conmec-de","7":"product_cat-laser-estriche","8":"pa_vermogen-44-pk-de","10":"first","11":"instock","12":"taxable","13":"shipping-taxable","14":"purchasable","15":"product-type-simple"},"acf":[],"_links":{"self":[{"href":"https:\/\/mdbouwmachines.be\/de\/wp-json\/wp\/v2\/product\/14157","targetHints":{"allow":["GET"]}}],"collection":[{"href":"https:\/\/mdbouwmachines.be\/de\/wp-json\/wp\/v2\/product"}],"about":[{"href":"https:\/\/mdbouwmachines.be\/de\/wp-json\/wp\/v2\/types\/product"}],"wp:featuredmedia":[{"embeddable":true,"href":"https:\/\/mdbouwmachines.be\/de\/wp-json\/wp\/v2\/media\/14021"}],"wp:attachment":[{"href":"https:\/\/mdbouwmachines.be\/de\/wp-json\/wp\/v2\/media?parent=14157"}],"wp:term":[{"taxonomy":"product_brand","embeddable":true,"href":"https:\/\/mdbouwmachines.be\/de\/wp-json\/wp\/v2\/product_brand?post=14157"},{"taxonomy":"product_cat","embeddable":true,"href":"https:\/\/mdbouwmachines.be\/de\/wp-json\/wp\/v2\/product_cat?post=14157"},{"taxonomy":"product_tag","embeddable":true,"href":"https:\/\/mdbouwmachines.be\/de\/wp-json\/wp\/v2\/product_tag?post=14157"}],"curies":[{"name":"wp","href":"https:\/\/api.w.org\/{rel}","templated":true}]}}