{"id":14148,"date":"2025-02-12T12:02:02","date_gmt":"2025-02-12T11:02:02","guid":{"rendered":"https:\/\/mdbouwmachines.be\/product\/baumwippen-streuer-cbts200\/"},"modified":"2025-02-12T18:02:58","modified_gmt":"2025-02-12T17:02:58","slug":"baumwippen-streuer-cbts200","status":"publish","type":"product","link":"https:\/\/mdbouwmachines.be\/de\/produkt\/baumwippen-streuer-cbts200\/","title":{"rendered":"Baumwippen-Streuer CBTS200"},"content":{"rendered":"","protected":false},"excerpt":{"rendered":"<p>Verteilen Sie eine Vielzahl von Shake-on-Toppings mit dem Boom Topping Spreader. Das einzigartige, vielseitige Design zeichnet sich durch eine staubarme Ladetechnik mit Einlaufb\u00fcrsten, Stauraum f\u00fcr bis zu zwanzig S\u00e4cke bis zu 22,7 kg und eine kompakte Maschine f\u00fcr einen einfacheren Transport aus. CBTS200 Topping Spreader bietet eine Streugenauigkeit, die es Ihnen erm\u00f6glicht, Shake-on-Toppings von feinem Material auf Fallstein zu verteilen.  <\/p>\n","protected":false},"featured_media":14027,"template":"","meta":{"_acf_changed":false},"product_brand":[1220],"product_cat":[674],"product_tag":[],"class_list":{"0":"post-14148","1":"product","2":"type-product","3":"status-publish","4":"has-post-thumbnail","6":"product_brand-conmec-de","7":"product_cat-laser-estriche","8":"pa_vermogen-44-pk-de","10":"first","11":"instock","12":"taxable","13":"shipping-taxable","14":"purchasable","15":"product-type-simple"},"acf":[],"_links":{"self":[{"href":"https:\/\/mdbouwmachines.be\/de\/wp-json\/wp\/v2\/product\/14148","targetHints":{"allow":["GET"]}}],"collection":[{"href":"https:\/\/mdbouwmachines.be\/de\/wp-json\/wp\/v2\/product"}],"about":[{"href":"https:\/\/mdbouwmachines.be\/de\/wp-json\/wp\/v2\/types\/product"}],"wp:featuredmedia":[{"embeddable":true,"href":"https:\/\/mdbouwmachines.be\/de\/wp-json\/wp\/v2\/media\/14027"}],"wp:attachment":[{"href":"https:\/\/mdbouwmachines.be\/de\/wp-json\/wp\/v2\/media?parent=14148"}],"wp:term":[{"taxonomy":"product_brand","embeddable":true,"href":"https:\/\/mdbouwmachines.be\/de\/wp-json\/wp\/v2\/product_brand?post=14148"},{"taxonomy":"product_cat","embeddable":true,"href":"https:\/\/mdbouwmachines.be\/de\/wp-json\/wp\/v2\/product_cat?post=14148"},{"taxonomy":"product_tag","embeddable":true,"href":"https:\/\/mdbouwmachines.be\/de\/wp-json\/wp\/v2\/product_tag?post=14148"}],"curies":[{"name":"wp","href":"https:\/\/api.w.org\/{rel}","templated":true}]}}