{"id":14131,"date":"2025-02-12T12:02:06","date_gmt":"2025-02-12T11:02:06","guid":{"rendered":"https:\/\/mdbouwmachines.be\/product\/whiteman-md105\/"},"modified":"2025-02-12T18:33:18","modified_gmt":"2025-02-12T17:33:18","slug":"whiteman-md105","status":"publish","type":"product","link":"https:\/\/mdbouwmachines.be\/de\/produkt\/whiteman-md105\/","title":{"rendered":"Whiteman MD105"},"content":{"rendered":"<p>M<\/p>\n","protected":false},"excerpt":{"rendered":"<p>Entfesseln Sie die Vielseitigkeit des brandneuen MD105: zwei Motoren, vollst\u00e4ndig hydrostatisch und 30 % leichter f\u00fcr un\u00fcbertroffene Effizienz, Kontrolle und fr\u00fchere Platteneingabe, die den Standard f\u00fcr 10-Zoll-Fahrer setzt.<\/p>\n","protected":false},"featured_media":14058,"template":"","meta":{"_acf_changed":false},"product_brand":[1248],"product_cat":[363],"product_tag":[],"class_list":{"0":"post-14131","1":"product","2":"type-product","3":"status-publish","4":"has-post-thumbnail","6":"product_brand-whiteman-de","7":"product_cat-doppelpoliermaschinen","8":"pa_vermogen-2-x-25-pk-de","10":"first","11":"instock","12":"taxable","13":"shipping-taxable","14":"purchasable","15":"product-type-simple"},"acf":[],"_links":{"self":[{"href":"https:\/\/mdbouwmachines.be\/de\/wp-json\/wp\/v2\/product\/14131","targetHints":{"allow":["GET"]}}],"collection":[{"href":"https:\/\/mdbouwmachines.be\/de\/wp-json\/wp\/v2\/product"}],"about":[{"href":"https:\/\/mdbouwmachines.be\/de\/wp-json\/wp\/v2\/types\/product"}],"wp:featuredmedia":[{"embeddable":true,"href":"https:\/\/mdbouwmachines.be\/de\/wp-json\/wp\/v2\/media\/14058"}],"wp:attachment":[{"href":"https:\/\/mdbouwmachines.be\/de\/wp-json\/wp\/v2\/media?parent=14131"}],"wp:term":[{"taxonomy":"product_brand","embeddable":true,"href":"https:\/\/mdbouwmachines.be\/de\/wp-json\/wp\/v2\/product_brand?post=14131"},{"taxonomy":"product_cat","embeddable":true,"href":"https:\/\/mdbouwmachines.be\/de\/wp-json\/wp\/v2\/product_cat?post=14131"},{"taxonomy":"product_tag","embeddable":true,"href":"https:\/\/mdbouwmachines.be\/de\/wp-json\/wp\/v2\/product_tag?post=14131"}],"curies":[{"name":"wp","href":"https:\/\/api.w.org\/{rel}","templated":true}]}}