{"id":14128,"date":"2025-02-12T12:02:05","date_gmt":"2025-02-12T11:02:05","guid":{"rendered":"https:\/\/mdbouwmachines.be\/product\/whiteman-estxdf\/"},"modified":"2025-02-12T20:38:19","modified_gmt":"2025-02-12T19:38:19","slug":"whiteman-estxdf","status":"publish","type":"product","link":"https:\/\/mdbouwmachines.be\/de\/produkt\/whiteman-estxdf\/","title":{"rendered":"Whiteman ESTXDF"},"content":{"rendered":"<p><strong>Leistungsstarker 84 PS Benzin-LPG-Ford-Motor<br \/><\/strong>Erzeugt ein optimales Drehmoment f\u00fcr Pfannen und bringt mehr Leistung zum Verbrennen auf den Boden<\/p>\n<p><strong>Aktive Drehzahlregelung<br \/><\/strong>Es erm\u00f6glicht dem Bediener, die Rotordrehzahl \u00fcber die digitale Schnittstelle genau einzustellen. Aktive \u00dcberwachung konstanter Rotordrehzahlen unter verschiedenen Lastbedingungen <\/p>\n<p><strong>Vollst\u00e4ndiges hydrostatisches System<br \/><\/strong>Verstellpumpe und Radialkolbenantriebsmotoren f\u00fcr erh\u00f6hte Gesamtsystemleistung<\/p>\n","protected":false},"excerpt":{"rendered":"<p>Die hydraulische Aufsitzkelle MQ Whiteman ESTXDF 2&#215;156 cm wurde von Grund auf neu entwickelt, um die maximale Leistung zu liefern, die zum Schwenken und Brennen ben\u00f6tigt wird. Mit der zus\u00e4tzlichen Option, mit Fl\u00fcssiggas (mit angemessener Bel\u00fcftung) oder Benzin betrieben zu werden, kann dieses innovative Design auch die Gesamtlaufzeiten gegen\u00fcber Standard-Single-Fuel-Modellen um 35 % erh\u00f6hen. <\/p>\n","protected":false},"featured_media":14052,"template":"","meta":{"_acf_changed":false},"product_brand":[1248],"product_cat":[363],"product_tag":[],"class_list":{"0":"post-14128","1":"product","2":"type-product","3":"status-publish","4":"has-post-thumbnail","6":"product_brand-whiteman-de","7":"product_cat-doppelpoliermaschinen","9":"first","10":"instock","11":"taxable","12":"shipping-taxable","13":"purchasable","14":"product-type-simple"},"acf":[],"_links":{"self":[{"href":"https:\/\/mdbouwmachines.be\/de\/wp-json\/wp\/v2\/product\/14128","targetHints":{"allow":["GET"]}}],"collection":[{"href":"https:\/\/mdbouwmachines.be\/de\/wp-json\/wp\/v2\/product"}],"about":[{"href":"https:\/\/mdbouwmachines.be\/de\/wp-json\/wp\/v2\/types\/product"}],"wp:featuredmedia":[{"embeddable":true,"href":"https:\/\/mdbouwmachines.be\/de\/wp-json\/wp\/v2\/media\/14052"}],"wp:attachment":[{"href":"https:\/\/mdbouwmachines.be\/de\/wp-json\/wp\/v2\/media?parent=14128"}],"wp:term":[{"taxonomy":"product_brand","embeddable":true,"href":"https:\/\/mdbouwmachines.be\/de\/wp-json\/wp\/v2\/product_brand?post=14128"},{"taxonomy":"product_cat","embeddable":true,"href":"https:\/\/mdbouwmachines.be\/de\/wp-json\/wp\/v2\/product_cat?post=14128"},{"taxonomy":"product_tag","embeddable":true,"href":"https:\/\/mdbouwmachines.be\/de\/wp-json\/wp\/v2\/product_tag?post=14128"}],"curies":[{"name":"wp","href":"https:\/\/api.w.org\/{rel}","templated":true}]}}