{"id":14125,"date":"2025-02-12T12:02:09","date_gmt":"2025-02-12T11:02:09","guid":{"rendered":"https:\/\/mdbouwmachines.be\/product\/inbusbus-hdx-600\/"},"modified":"2025-06-23T12:36:51","modified_gmt":"2025-06-23T11:36:51","slug":"inbusbus-hdx-600","status":"publish","type":"product","link":"https:\/\/mdbouwmachines.be\/de\/produkt\/inbusbus-hdx-600\/","title":{"rendered":"Inbusbus HDX 600"},"content":{"rendered":"","protected":false},"excerpt":{"rendered":"<p>Der HDX600 wurde speziell f\u00fcr den Einsatz von Flachbeton mit hohem Volumen entwickelt. Diese Kelle verf\u00fcgt \u00fcber spezielle Schwenk-\/Endbearbeitungsmodi, digitale Anzeigen f\u00fcr genaue Kraftstoffst\u00e4nde und Diagnosen sowie einen gro\u00dfen 13-Gallonen-Kraftstofftank f\u00fcr l\u00e4ngere Zeitr\u00e4ume. Er ist au\u00dferdem mit leistungsstarken Pumpen ausgestattet, die dazu beitragen, auch bei hohen Rotordrehzahlen ein hervorragendes Drehmoment aufrechtzuerhalten. Dadurch eignet sich die Maschine hervorragend zum Pannen oder Veredeln.   <\/p>\n","protected":false},"featured_media":18177,"template":"","meta":{"_acf_changed":false},"product_brand":[1231],"product_cat":[363],"product_tag":[],"class_list":{"0":"post-14125","1":"product","2":"type-product","3":"status-publish","4":"has-post-thumbnail","6":"product_brand-allen-de","7":"product_cat-doppelpoliermaschinen","9":"first","10":"instock","11":"taxable","12":"shipping-taxable","13":"purchasable","14":"product-type-simple"},"acf":[],"_links":{"self":[{"href":"https:\/\/mdbouwmachines.be\/de\/wp-json\/wp\/v2\/product\/14125","targetHints":{"allow":["GET"]}}],"collection":[{"href":"https:\/\/mdbouwmachines.be\/de\/wp-json\/wp\/v2\/product"}],"about":[{"href":"https:\/\/mdbouwmachines.be\/de\/wp-json\/wp\/v2\/types\/product"}],"wp:featuredmedia":[{"embeddable":true,"href":"https:\/\/mdbouwmachines.be\/de\/wp-json\/wp\/v2\/media\/18177"}],"wp:attachment":[{"href":"https:\/\/mdbouwmachines.be\/de\/wp-json\/wp\/v2\/media?parent=14125"}],"wp:term":[{"taxonomy":"product_brand","embeddable":true,"href":"https:\/\/mdbouwmachines.be\/de\/wp-json\/wp\/v2\/product_brand?post=14125"},{"taxonomy":"product_cat","embeddable":true,"href":"https:\/\/mdbouwmachines.be\/de\/wp-json\/wp\/v2\/product_cat?post=14125"},{"taxonomy":"product_tag","embeddable":true,"href":"https:\/\/mdbouwmachines.be\/de\/wp-json\/wp\/v2\/product_tag?post=14125"}],"curies":[{"name":"wp","href":"https:\/\/api.w.org\/{rel}","templated":true}]}}