{"id":14122,"date":"2025-02-12T12:02:06","date_gmt":"2025-02-12T11:02:06","guid":{"rendered":"https:\/\/mdbouwmachines.be\/product\/whiteman-md80\/"},"modified":"2025-02-12T20:36:32","modified_gmt":"2025-02-12T19:36:32","slug":"whiteman-md80","status":"publish","type":"product","link":"https:\/\/mdbouwmachines.be\/de\/produkt\/whiteman-md80\/","title":{"rendered":"Whiteman MD80"},"content":{"rendered":"","protected":false},"excerpt":{"rendered":"<p>Das neueste Mitglied unserer Familie von Hydrostatic Riders wurde entwickelt, um \u00fcberlegene Leistung und st\u00f6rungsfreien Betrieb zu bieten. Ein leistungsstarker 40-PS-Vanguard-Motor sorgt f\u00fcr das Drehmoment, das Sie zum Schwenken ben\u00f6tigen, und zwei Sechsblatt-Rotoren bringen Sie bis zum endg\u00fcltigen Ziel. <\/p>\n","protected":false},"featured_media":14064,"template":"","meta":{"_acf_changed":false},"product_brand":[1248],"product_cat":[363],"product_tag":[],"class_list":{"0":"post-14122","1":"product","2":"type-product","3":"status-publish","4":"has-post-thumbnail","6":"product_brand-whiteman-de","7":"product_cat-doppelpoliermaschinen","9":"first","10":"instock","11":"taxable","12":"shipping-taxable","13":"purchasable","14":"product-type-simple"},"acf":[],"_links":{"self":[{"href":"https:\/\/mdbouwmachines.be\/de\/wp-json\/wp\/v2\/product\/14122","targetHints":{"allow":["GET"]}}],"collection":[{"href":"https:\/\/mdbouwmachines.be\/de\/wp-json\/wp\/v2\/product"}],"about":[{"href":"https:\/\/mdbouwmachines.be\/de\/wp-json\/wp\/v2\/types\/product"}],"wp:featuredmedia":[{"embeddable":true,"href":"https:\/\/mdbouwmachines.be\/de\/wp-json\/wp\/v2\/media\/14064"}],"wp:attachment":[{"href":"https:\/\/mdbouwmachines.be\/de\/wp-json\/wp\/v2\/media?parent=14122"}],"wp:term":[{"taxonomy":"product_brand","embeddable":true,"href":"https:\/\/mdbouwmachines.be\/de\/wp-json\/wp\/v2\/product_brand?post=14122"},{"taxonomy":"product_cat","embeddable":true,"href":"https:\/\/mdbouwmachines.be\/de\/wp-json\/wp\/v2\/product_cat?post=14122"},{"taxonomy":"product_tag","embeddable":true,"href":"https:\/\/mdbouwmachines.be\/de\/wp-json\/wp\/v2\/product_tag?post=14122"}],"curies":[{"name":"wp","href":"https:\/\/api.w.org\/{rel}","templated":true}]}}