{"id":14111,"date":"2025-02-12T12:02:16","date_gmt":"2025-02-12T11:02:16","guid":{"rendered":"https:\/\/mdbouwmachines.be\/product\/inbusbus-hdx-780\/"},"modified":"2025-06-23T12:36:59","modified_gmt":"2025-06-23T11:36:59","slug":"inbusbus-hdx-780","status":"publish","type":"product","link":"https:\/\/mdbouwmachines.be\/de\/produkt\/inbusbus-hdx-780\/","title":{"rendered":"Inbusbus HDX 780"},"content":{"rendered":"","protected":false},"excerpt":{"rendered":"<p>Mit noch nie dagewesenen Funktionen wie dem Heads-up-Display, dem neu gestalteten Sitzrahmen f\u00fcr bessere Sicht und dem eingebauten \u201eIntelli-Power\u201d-System ist die HDX780 Reitkelle in der Branche wirklich einzigartig. Diese Maschine nutzt diese neuen Funktionen, um die maximale Leistung ihrer Hydraulikkomponenten von Bosch-Rexroth zu gew\u00e4hrleisten, aber auch ihre Lebensdauer zu erh\u00f6hen. Ab 2021 wird der HDX780 in einer Standarddrehung oder Gegendrehung erh\u00e4ltlich sein. Mit noch nie dagewesenen Funktionen wie dem Heads-up-Display, dem neu gestalteten Sitzrahmen f\u00fcr bessere Sicht und dem eingebauten \u201eIntelli-Power\u201d-System ist die HDX780 Reitkelle in der Branche wirklich einzigartig. Diese Maschine nutzt diese neuen Funktionen, um die maximale Leistung ihrer Hydraulikkomponenten von Bosch-Rexroth zu gew\u00e4hrleisten, aber auch ihre Lebensdauer zu erh\u00f6hen. Ab 2021 wird der HDX780 in einer Standarddrehung oder Gegendrehung erh\u00e4ltlich sein. Mit noch nie dagewesenen Funktionen wie dem Heads-up-Display, dem neu gestalteten Sitzrahmen f\u00fcr bessere Sicht und dem eingebauten \u201eIntelli-Power\u201d-System ist die HDX780 Reitkelle in der Branche wirklich einzigartig. Diese Maschine nutzt diese neuen Funktionen, um die maximale Leistung ihrer Hydraulikkomponenten von Bosch-Rexroth zu gew\u00e4hrleisten, aber auch ihre Lebensdauer zu erh\u00f6hen. Ab 2021 wird der HDX780 in einer Standarddrehung oder Gegendrehung erh\u00e4ltlich sein.<\/p>\n","protected":false},"featured_media":18162,"template":"","meta":{"_acf_changed":false},"product_brand":[1231],"product_cat":[363],"product_tag":[],"class_list":{"0":"post-14111","1":"product","2":"type-product","3":"status-publish","4":"has-post-thumbnail","6":"product_brand-allen-de","7":"product_cat-doppelpoliermaschinen","9":"first","10":"instock","11":"featured","12":"taxable","13":"shipping-taxable","14":"purchasable","15":"product-type-simple"},"acf":[],"_links":{"self":[{"href":"https:\/\/mdbouwmachines.be\/de\/wp-json\/wp\/v2\/product\/14111","targetHints":{"allow":["GET"]}}],"collection":[{"href":"https:\/\/mdbouwmachines.be\/de\/wp-json\/wp\/v2\/product"}],"about":[{"href":"https:\/\/mdbouwmachines.be\/de\/wp-json\/wp\/v2\/types\/product"}],"wp:featuredmedia":[{"embeddable":true,"href":"https:\/\/mdbouwmachines.be\/de\/wp-json\/wp\/v2\/media\/18162"}],"wp:attachment":[{"href":"https:\/\/mdbouwmachines.be\/de\/wp-json\/wp\/v2\/media?parent=14111"}],"wp:term":[{"taxonomy":"product_brand","embeddable":true,"href":"https:\/\/mdbouwmachines.be\/de\/wp-json\/wp\/v2\/product_brand?post=14111"},{"taxonomy":"product_cat","embeddable":true,"href":"https:\/\/mdbouwmachines.be\/de\/wp-json\/wp\/v2\/product_cat?post=14111"},{"taxonomy":"product_tag","embeddable":true,"href":"https:\/\/mdbouwmachines.be\/de\/wp-json\/wp\/v2\/product_tag?post=14111"}],"curies":[{"name":"wp","href":"https:\/\/api.w.org\/{rel}","templated":true}]}}