{"id":14108,"date":"2025-02-12T12:02:14","date_gmt":"2025-02-12T11:02:14","guid":{"rendered":"https:\/\/mdbouwmachines.be\/product\/inbus-hdx-760\/"},"modified":"2025-02-12T20:48:17","modified_gmt":"2025-02-12T19:48:17","slug":"inbus-hdx-760","status":"publish","type":"product","link":"https:\/\/mdbouwmachines.be\/de\/produkt\/inbus-hdx-760\/","title":{"rendered":"Inbus HDX 760"},"content":{"rendered":"","protected":false},"excerpt":{"rendered":"<p>Die Allen HDX760 Aufsitzkelle ist mit dem eingebauten \u201eIntelli-Power\u201d-System, das sowohl die Hydraulik als auch den Motorbetrieb steuert, wirklich einzigartig in der Branche. Mit \u201eIntelli-Power\u201d kommunizieren der 74 PS starke T4F Hatz Dieselmotor und die Hydraulikkomponenten von Bosch-Rexroth tats\u00e4chlich miteinander, um jederzeit maximale Leistung und Sicherheit zu gew\u00e4hrleisten. Dies f\u00fchrt nicht nur zu einer un\u00fcbertroffenen Leistung und einem un\u00fcbertroffenen Sicherheitsschutz f\u00fcr diese sehr teuren und kritischen Motor- und Hydraulikkomponenten, sondern auch zu einer viel l\u00e4ngeren Lebensdauer. Die Allen HDX760 Aufsitzkelle ist mit dem eingebauten \u201eIntelli-Power\u201d-System, das sowohl die Hydraulik als auch den Motorbetrieb steuert, wirklich einzigartig in der Branche. Mit \u201eIntelli-Power\u201d kommunizieren der 74 PS starke T4F Hatz Dieselmotor und die Hydraulikkomponenten von Bosch-Rexroth tats\u00e4chlich miteinander, um jederzeit maximale Leistung und Sicherheit zu gew\u00e4hrleisten. Dies f\u00fchrt nicht nur zu einer un\u00fcbertroffenen Leistung und einem un\u00fcbertroffenen Sicherheitsschutz f\u00fcr diese sehr teuren und kritischen Motor- und Hydraulikkomponenten, sondern auch zu einer viel l\u00e4ngeren Lebensdauer. Die Allen HDX760 Aufsitzkelle ist mit dem eingebauten \u201eIntelli-Power\u201d-System, das sowohl die Hydraulik als auch den Motorbetrieb steuert, wirklich einzigartig in der Branche. Mit \u201eIntelli-Power\u201d kommunizieren der 74 PS starke T4F Hatz Dieselmotor und die Hydraulikkomponenten von Bosch-Rexroth tats\u00e4chlich miteinander, um jederzeit maximale Leistung und Sicherheit zu gew\u00e4hrleisten. Dies f\u00fchrt nicht nur zu einer un\u00fcbertroffenen Leistung und einem un\u00fcbertroffenen Sicherheitsschutz f\u00fcr diese sehr teuren und kritischen Motor- und Hydraulikkomponenten, sondern auch zu einer viel l\u00e4ngeren Lebensdauer.<\/p>\n","protected":false},"featured_media":14082,"template":"","meta":{"_acf_changed":false},"product_brand":[1231],"product_cat":[363],"product_tag":[],"class_list":{"0":"post-14108","1":"product","2":"type-product","3":"status-publish","4":"has-post-thumbnail","6":"product_brand-allen-de","7":"product_cat-doppelpoliermaschinen","8":"pa_vermogen-74-pk","10":"first","11":"instock","12":"taxable","13":"shipping-taxable","14":"purchasable","15":"product-type-simple"},"acf":[],"_links":{"self":[{"href":"https:\/\/mdbouwmachines.be\/de\/wp-json\/wp\/v2\/product\/14108","targetHints":{"allow":["GET"]}}],"collection":[{"href":"https:\/\/mdbouwmachines.be\/de\/wp-json\/wp\/v2\/product"}],"about":[{"href":"https:\/\/mdbouwmachines.be\/de\/wp-json\/wp\/v2\/types\/product"}],"wp:featuredmedia":[{"embeddable":true,"href":"https:\/\/mdbouwmachines.be\/de\/wp-json\/wp\/v2\/media\/14082"}],"wp:attachment":[{"href":"https:\/\/mdbouwmachines.be\/de\/wp-json\/wp\/v2\/media?parent=14108"}],"wp:term":[{"taxonomy":"product_brand","embeddable":true,"href":"https:\/\/mdbouwmachines.be\/de\/wp-json\/wp\/v2\/product_brand?post=14108"},{"taxonomy":"product_cat","embeddable":true,"href":"https:\/\/mdbouwmachines.be\/de\/wp-json\/wp\/v2\/product_cat?post=14108"},{"taxonomy":"product_tag","embeddable":true,"href":"https:\/\/mdbouwmachines.be\/de\/wp-json\/wp\/v2\/product_tag?post=14108"}],"curies":[{"name":"wp","href":"https:\/\/api.w.org\/{rel}","templated":true}]}}