{"id":13782,"date":"2025-02-11T14:22:53","date_gmt":"2025-02-11T13:22:53","guid":{"rendered":"https:\/\/mdbouwmachines.be\/product\/diamantscheibe-cs-60-flex\/"},"modified":"2025-02-11T15:21:02","modified_gmt":"2025-02-11T14:21:02","slug":"diamantscheibe-cs-60-flex","status":"publish","type":"product","link":"https:\/\/mdbouwmachines.be\/de\/produkt\/diamantscheibe-cs-60-flex\/","title":{"rendered":"Diamantscheibe CS 60 FLEX"},"content":{"rendered":"","protected":false},"excerpt":{"rendered":"<p>Zur Auswahl stehen 3 S\u00e4gebl\u00e4tter f\u00fcr die CS60 FLEX WET, S\u00e4ge auf Schiene. Kompatibel mit anderen Marken.<br \/> Tyrolit Durchm. 180 \u2013 FLEX Turbo \u2013 FLEX segmentiert. <\/p>\n","protected":false},"featured_media":13846,"template":"","meta":{"_acf_changed":false},"product_brand":[1132],"product_cat":[621],"product_tag":[],"class_list":{"0":"post-13782","1":"product","2":"type-product","3":"status-publish","4":"has-post-thumbnail","6":"product_brand-md-bouwmachines-de","7":"product_cat-zaagbladen-de","8":"pa_keuze-merk-flex-turbo-durchmesser-170","9":"pa_keuze-merk-flexsegment-170","10":"pa_keuze-merk-tyrolit-durchmesser-180","12":"first","13":"instock","14":"taxable","15":"shipping-taxable","16":"purchasable","17":"product-type-variable","18":"has-default-attributes"},"acf":[],"_links":{"self":[{"href":"https:\/\/mdbouwmachines.be\/de\/wp-json\/wp\/v2\/product\/13782","targetHints":{"allow":["GET"]}}],"collection":[{"href":"https:\/\/mdbouwmachines.be\/de\/wp-json\/wp\/v2\/product"}],"about":[{"href":"https:\/\/mdbouwmachines.be\/de\/wp-json\/wp\/v2\/types\/product"}],"wp:featuredmedia":[{"embeddable":true,"href":"https:\/\/mdbouwmachines.be\/de\/wp-json\/wp\/v2\/media\/13846"}],"wp:attachment":[{"href":"https:\/\/mdbouwmachines.be\/de\/wp-json\/wp\/v2\/media?parent=13782"}],"wp:term":[{"taxonomy":"product_brand","embeddable":true,"href":"https:\/\/mdbouwmachines.be\/de\/wp-json\/wp\/v2\/product_brand?post=13782"},{"taxonomy":"product_cat","embeddable":true,"href":"https:\/\/mdbouwmachines.be\/de\/wp-json\/wp\/v2\/product_cat?post=13782"},{"taxonomy":"product_tag","embeddable":true,"href":"https:\/\/mdbouwmachines.be\/de\/wp-json\/wp\/v2\/product_tag?post=13782"}],"curies":[{"name":"wp","href":"https:\/\/api.w.org\/{rel}","templated":true}]}}