{"id":13678,"date":"2025-01-24T10:53:53","date_gmt":"2025-01-24T09:53:53","guid":{"rendered":"https:\/\/mdbouwmachines.be\/product\/alter-beton\/"},"modified":"2025-02-11T14:14:00","modified_gmt":"2025-02-11T13:14:00","slug":"alter-beton","status":"publish","type":"product","link":"https:\/\/mdbouwmachines.be\/de\/produkt\/alter-beton\/","title":{"rendered":"Alter Beton FSL"},"content":{"rendered":"","protected":false},"excerpt":{"rendered":"<p><span>F\u00fcr Maschinen bis 15 kW\/20 PS, weiche bis sehr harte Zuschlagstoffe. Details: Bis Durchmesser 1.200 mm lasergeschwei\u00dft. Spezielle Segmentform mit Schutzfunktion gegen vorzeitigen Verschlei\u00df der Stammschneide in der Verbindungszone (Unterschnitteffekt). Geeignet f\u00fcr Sanierung, kontrollierten Abbruch und R\u00fcckbau von Stra\u00dfen, Autobahnen, Flugh\u00e4fen, Br\u00fccken und Industriegeb\u00e4uden. Auch zum Abtragen und S\u00e4gen besch\u00e4digter Decken bis zu einer St\u00e4rke von 50 cm geeignet. Eine extrem hohe Schnittgeschwindigkeit, eine lange Lebensdauer und eine minimale Belastung der Maschine zeichnen diese Werkzeuge aus.     <\/span><\/p>\n<p>Achsloch 25,4mm<\/p>\n","protected":false},"featured_media":9220,"template":"","meta":{"_acf_changed":false},"product_brand":[1153],"product_cat":[621],"product_tag":[],"class_list":{"0":"post-13678","1":"product","2":"type-product","3":"status-publish","4":"has-post-thumbnail","6":"product_brand-tyrolit-de","7":"product_cat-zaagbladen-de","9":"first","10":"instock","11":"taxable","12":"shipping-taxable","13":"purchasable","14":"product-type-variable","15":"has-default-attributes"},"acf":[],"_links":{"self":[{"href":"https:\/\/mdbouwmachines.be\/de\/wp-json\/wp\/v2\/product\/13678","targetHints":{"allow":["GET"]}}],"collection":[{"href":"https:\/\/mdbouwmachines.be\/de\/wp-json\/wp\/v2\/product"}],"about":[{"href":"https:\/\/mdbouwmachines.be\/de\/wp-json\/wp\/v2\/types\/product"}],"wp:featuredmedia":[{"embeddable":true,"href":"https:\/\/mdbouwmachines.be\/de\/wp-json\/wp\/v2\/media\/9220"}],"wp:attachment":[{"href":"https:\/\/mdbouwmachines.be\/de\/wp-json\/wp\/v2\/media?parent=13678"}],"wp:term":[{"taxonomy":"product_brand","embeddable":true,"href":"https:\/\/mdbouwmachines.be\/de\/wp-json\/wp\/v2\/product_brand?post=13678"},{"taxonomy":"product_cat","embeddable":true,"href":"https:\/\/mdbouwmachines.be\/de\/wp-json\/wp\/v2\/product_cat?post=13678"},{"taxonomy":"product_tag","embeddable":true,"href":"https:\/\/mdbouwmachines.be\/de\/wp-json\/wp\/v2\/product_tag?post=13678"}],"curies":[{"name":"wp","href":"https:\/\/api.w.org\/{rel}","templated":true}]}}