{"id":13644,"date":"2025-01-24T10:53:50","date_gmt":"2025-01-24T09:53:50","guid":{"rendered":"https:\/\/mdbouwmachines.be\/product\/frischbeton-md-350\/"},"modified":"2025-01-24T10:53:50","modified_gmt":"2025-01-24T09:53:50","slug":"frischbeton-md-350","status":"publish","type":"product","link":"https:\/\/mdbouwmachines.be\/de\/produkt\/frischbeton-md-350\/","title":{"rendered":"Frischbeton MD 350"},"content":{"rendered":"","protected":false},"excerpt":{"rendered":"<p>Das meistverkaufte S\u00e4geblatt f\u00fcr Frischbeton Durchmesser 350 f\u00fcr FUGENSCHNEIDER! (Achsloch 25,4)<\/p>\n<p><span>Dehnfugen \/ Dehnungsfugen im Stra\u00dfenbau. F\u00fcr Maschinen bis 15 kW\/hydr. bis 50 kW universell, weiche bis sehr harte Betonzuschlagstoffe. Details: Alle Durchmesser lasergeschwei\u00dft. Mit Schutzsegment gegen Verschlei\u00df des Stahlkerns in der Verbindungszone \u2013 Hinterschneidung. Sehr saubere Fugenkanten, extrem schnelles Schneiden.     <\/span><\/p>\n","protected":false},"featured_media":13633,"template":"","meta":{"_acf_changed":false},"product_brand":[1153],"product_cat":[621],"product_tag":[],"class_list":{"0":"post-13644","1":"product","2":"type-product","3":"status-publish","4":"has-post-thumbnail","6":"product_brand-tyrolit-de","7":"product_cat-zaagbladen-de","9":"first","10":"instock","11":"featured","12":"taxable","13":"shipping-taxable","14":"purchasable","15":"product-type-variable","16":"has-default-attributes"},"acf":[],"_links":{"self":[{"href":"https:\/\/mdbouwmachines.be\/de\/wp-json\/wp\/v2\/product\/13644","targetHints":{"allow":["GET"]}}],"collection":[{"href":"https:\/\/mdbouwmachines.be\/de\/wp-json\/wp\/v2\/product"}],"about":[{"href":"https:\/\/mdbouwmachines.be\/de\/wp-json\/wp\/v2\/types\/product"}],"wp:featuredmedia":[{"embeddable":true,"href":"https:\/\/mdbouwmachines.be\/de\/wp-json\/wp\/v2\/media\/13633"}],"wp:attachment":[{"href":"https:\/\/mdbouwmachines.be\/de\/wp-json\/wp\/v2\/media?parent=13644"}],"wp:term":[{"taxonomy":"product_brand","embeddable":true,"href":"https:\/\/mdbouwmachines.be\/de\/wp-json\/wp\/v2\/product_brand?post=13644"},{"taxonomy":"product_cat","embeddable":true,"href":"https:\/\/mdbouwmachines.be\/de\/wp-json\/wp\/v2\/product_cat?post=13644"},{"taxonomy":"product_tag","embeddable":true,"href":"https:\/\/mdbouwmachines.be\/de\/wp-json\/wp\/v2\/product_tag?post=13644"}],"curies":[{"name":"wp","href":"https:\/\/api.w.org\/{rel}","templated":true}]}}