{"id":13636,"date":"2025-02-11T10:30:25","date_gmt":"2025-02-11T09:30:25","guid":{"rendered":"https:\/\/mdbouwmachines.be\/product\/frischbeton-md-350-premium\/"},"modified":"2025-02-11T10:30:25","modified_gmt":"2025-02-11T09:30:25","slug":"frischbeton-md-350-premium","status":"publish","type":"product","link":"https:\/\/mdbouwmachines.be\/de\/produkt\/frischbeton-md-350-premium\/","title":{"rendered":"Frischbeton MD 350 Premium"},"content":{"rendered":"","protected":false},"excerpt":{"rendered":"<p>Das meistverkaufte S\u00e4geblatt f\u00fcr Frischbeton Durchmesser 350 f\u00fcr FUGENSCHNEIDER! (Achsloch 25,4) PREMIUM (h\u00e4rtere Segmentierung)<\/p>\n<p><span>Dehnfugen \/ Dehnungsfugen im Stra\u00dfenbau. F\u00fcr Maschinen bis 15 kW\/hydr. bis 50 kW universell, weiche bis sehr harte Betonzuschlagstoffe. Details: Alle Durchmesser lasergeschwei\u00dft. Mit Schutzsegment gegen Verschlei\u00df des Stahlkerns in der Verbindungszone \u2013 Hinterschneidung. Sehr saubere Fugenkanten, extrem schnelles Schneiden.     <\/span><\/p>\n","protected":false},"featured_media":13625,"template":"","meta":{"_acf_changed":false},"product_brand":[1132],"product_cat":[621],"product_tag":[],"class_list":{"0":"post-13636","1":"product","2":"type-product","3":"status-publish","4":"has-post-thumbnail","6":"product_brand-md-bouwmachines-de","7":"product_cat-zaagbladen-de","9":"first","10":"instock","11":"taxable","12":"shipping-taxable","13":"purchasable","14":"product-type-variable","15":"has-default-attributes"},"acf":[],"_links":{"self":[{"href":"https:\/\/mdbouwmachines.be\/de\/wp-json\/wp\/v2\/product\/13636","targetHints":{"allow":["GET"]}}],"collection":[{"href":"https:\/\/mdbouwmachines.be\/de\/wp-json\/wp\/v2\/product"}],"about":[{"href":"https:\/\/mdbouwmachines.be\/de\/wp-json\/wp\/v2\/types\/product"}],"wp:featuredmedia":[{"embeddable":true,"href":"https:\/\/mdbouwmachines.be\/de\/wp-json\/wp\/v2\/media\/13625"}],"wp:attachment":[{"href":"https:\/\/mdbouwmachines.be\/de\/wp-json\/wp\/v2\/media?parent=13636"}],"wp:term":[{"taxonomy":"product_brand","embeddable":true,"href":"https:\/\/mdbouwmachines.be\/de\/wp-json\/wp\/v2\/product_brand?post=13636"},{"taxonomy":"product_cat","embeddable":true,"href":"https:\/\/mdbouwmachines.be\/de\/wp-json\/wp\/v2\/product_cat?post=13636"},{"taxonomy":"product_tag","embeddable":true,"href":"https:\/\/mdbouwmachines.be\/de\/wp-json\/wp\/v2\/product_tag?post=13636"}],"curies":[{"name":"wp","href":"https:\/\/api.w.org\/{rel}","templated":true}]}}