{"id":13591,"date":"2025-02-11T08:58:42","date_gmt":"2025-02-11T07:58:42","guid":{"rendered":"https:\/\/mdbouwmachines.be\/product\/mk8-90-conmec-batterie\/"},"modified":"2025-06-23T12:36:43","modified_gmt":"2025-06-23T11:36:43","slug":"mk8-90-conmec-batterie","status":"publish","type":"product","link":"https:\/\/mdbouwmachines.be\/de\/produkt\/mk8-90-conmec-batterie\/","title":{"rendered":"CONMEC Elektro 8-90"},"content":{"rendered":"","protected":false},"excerpt":{"rendered":"<p>Die akkubetriebene Poliermaschine Double 90. Mit einem Gewicht von 390 kg und einem soliden Stahlchassis ist dies eine \u00e4u\u00dferst robuste Maschine. Immer im Lieferumfang enthalten sind 2 Lithium-Ionen-Akkus \u00e0 66 kg, die einen Vollgasbetrieb von 90 Minuten erm\u00f6glichen. Mit dem 380-V-Kompressor l\u00e4dt sich die Batterie schneller auf, als Sie sie in 1 Stunde verwenden k\u00f6nnen. Au\u00dferdem ist ein 220-V-Ladeger\u00e4t im Lieferumfang enthalten, das die Batterie in 5 Stunden aufl\u00e4dt. Im Lieferumfang enthalten ist auch ein Transportsystem f\u00fcr Akku und Maschine!    <\/p>\n","protected":false},"featured_media":13545,"template":"","meta":{"_acf_changed":false},"product_brand":[1220],"product_cat":[363],"product_tag":[],"class_list":{"0":"post-13591","1":"product","2":"type-product","3":"status-publish","4":"has-post-thumbnail","6":"product_brand-conmec-de","7":"product_cat-doppelpoliermaschinen","9":"first","10":"instock","11":"taxable","12":"shipping-taxable","13":"purchasable","14":"product-type-simple"},"acf":[],"_links":{"self":[{"href":"https:\/\/mdbouwmachines.be\/de\/wp-json\/wp\/v2\/product\/13591","targetHints":{"allow":["GET"]}}],"collection":[{"href":"https:\/\/mdbouwmachines.be\/de\/wp-json\/wp\/v2\/product"}],"about":[{"href":"https:\/\/mdbouwmachines.be\/de\/wp-json\/wp\/v2\/types\/product"}],"wp:featuredmedia":[{"embeddable":true,"href":"https:\/\/mdbouwmachines.be\/de\/wp-json\/wp\/v2\/media\/13545"}],"wp:attachment":[{"href":"https:\/\/mdbouwmachines.be\/de\/wp-json\/wp\/v2\/media?parent=13591"}],"wp:term":[{"taxonomy":"product_brand","embeddable":true,"href":"https:\/\/mdbouwmachines.be\/de\/wp-json\/wp\/v2\/product_brand?post=13591"},{"taxonomy":"product_cat","embeddable":true,"href":"https:\/\/mdbouwmachines.be\/de\/wp-json\/wp\/v2\/product_cat?post=13591"},{"taxonomy":"product_tag","embeddable":true,"href":"https:\/\/mdbouwmachines.be\/de\/wp-json\/wp\/v2\/product_tag?post=13591"}],"curies":[{"name":"wp","href":"https:\/\/api.w.org\/{rel}","templated":true}]}}