{"id":13573,"date":"2025-02-11T08:45:32","date_gmt":"2025-02-11T07:45:32","guid":{"rendered":"https:\/\/mdbouwmachines.be\/product\/moskito-60\/"},"modified":"2025-06-23T12:36:11","modified_gmt":"2025-06-23T11:36:11","slug":"moskito-60","status":"publish","type":"product","link":"https:\/\/mdbouwmachines.be\/de\/produkt\/moskito-60\/","title":{"rendered":"Barikell Moskito 60"},"content":{"rendered":"\n<hr class=\"wp-block-separator has-alpha-channel-opacity is-style-dots\" \/>\n\n<h2 class=\"wp-block-heading\">Definition<\/h2>\n\n<p><strong>Geschichte<\/strong>: Der Spitzenveredler \u201eMoskito\u201d wurde von Luigi Barichello, dem Gr\u00fcndervater der bekannten Gruppe Barikell, erfunden.<\/p>\n\n<p>Der Moskito 60 ist mit einem Stabilisatorring ausgestattet. Dadurch ist es m\u00f6glich, bis zur Wand zu schlie\u00dfen. Dar\u00fcber hinaus ist der Griff klappbar und die Maschine ist mit einem Hebehaken ausgestattet. Dies stellt sicher, dass die Maschine sehr einfach zu transportieren ist, ohne viel Platz zu beanspruchen.<br\/>Damit ist die Moskito 60 die perfekte Maschine f\u00fcr den Bau von Schwimmb\u00e4dern, Terrassen, &#8230; und f\u00fcr Betonb\u00f6den im Innenbereich.   <\/p>\n\n<p>Die Maschine ist mit 4 Armen oder mit 6 Armen erh\u00e4ltlich, um eine bessere Gewichtsverteilung und ein noch stabileres Gef\u00fchl beim Polieren zu erzielen.<\/p>\n\n<p>Dieser Kantenfinisher ist serienm\u00e4\u00dfig mit einem 5,5 PS starken Honda-Motor (GX 160) ausgestattet, kann aber optional mit einem 6,5 PS starken Honda (GX 200) oder einem 6,0 PS starken Robin-Motor ausgestattet werden.<\/p>\n\n<hr class=\"wp-block-separator has-alpha-channel-opacity\" \/>\n\n<h2 class=\"wp-block-heading\">Technische Informationen<\/h2>\n\n<h3 class=\"wp-block-heading\"><strong>Allgemein<\/strong><\/h3>\n\n<figure class=\"wp-block-table\"><table class=\"has-fixed-layout\"><tbody><tr><td>Arbeitsdurchmesser<\/td><td>60 cm<\/td><\/tr><\/tbody><\/table><\/figure>\n\n<h3 class=\"wp-block-heading\"><strong>Dimensionen<\/strong><\/h3>\n\n<figure class=\"wp-block-table\"><table class=\"has-fixed-layout\"><tbody><tr><td>L\u00e4nge (mm)<\/td><td>1406<\/td><\/tr><tr><td>Breite (mm)<\/td><td>600<\/td><\/tr><tr><td>H\u00f6he (mm)<\/td><td>1000<\/td><\/tr><tr><td>Gewicht (kg)<\/td><td>50 (\u00b1)<\/td><\/tr><\/tbody><\/table><\/figure>\n","protected":false},"excerpt":{"rendered":"<p>Die Barikell Moskito 60 ist eine einzelne Poliermaschine mit einem Durchmesser von 60, die speziell f\u00fcr das Biegen entwickelt wurde.<\/p>\n<p>Diese Maschine wird immer serienm\u00e4\u00dfig mit unserem kundenspezifischen Getriebesatz und mit SKF Kupplungslager f\u00fcr eine l\u00e4ngere Lebensdauer angepasst.  <\/p>\n","protected":false},"featured_media":18712,"template":"","meta":{"_acf_changed":false},"product_brand":[1124],"product_cat":[489],"product_tag":[],"class_list":{"0":"post-13573","1":"product","2":"type-product","3":"status-publish","4":"has-post-thumbnail","6":"product_brand-barikell-de","7":"product_cat-kantenfinisher","9":"first","10":"instock","11":"featured","12":"taxable","13":"shipping-taxable","14":"purchasable","15":"product-type-variable","16":"has-default-attributes"},"acf":[],"_links":{"self":[{"href":"https:\/\/mdbouwmachines.be\/de\/wp-json\/wp\/v2\/product\/13573","targetHints":{"allow":["GET"]}}],"collection":[{"href":"https:\/\/mdbouwmachines.be\/de\/wp-json\/wp\/v2\/product"}],"about":[{"href":"https:\/\/mdbouwmachines.be\/de\/wp-json\/wp\/v2\/types\/product"}],"wp:featuredmedia":[{"embeddable":true,"href":"https:\/\/mdbouwmachines.be\/de\/wp-json\/wp\/v2\/media\/18712"}],"wp:attachment":[{"href":"https:\/\/mdbouwmachines.be\/de\/wp-json\/wp\/v2\/media?parent=13573"}],"wp:term":[{"taxonomy":"product_brand","embeddable":true,"href":"https:\/\/mdbouwmachines.be\/de\/wp-json\/wp\/v2\/product_brand?post=13573"},{"taxonomy":"product_cat","embeddable":true,"href":"https:\/\/mdbouwmachines.be\/de\/wp-json\/wp\/v2\/product_cat?post=13573"},{"taxonomy":"product_tag","embeddable":true,"href":"https:\/\/mdbouwmachines.be\/de\/wp-json\/wp\/v2\/product_tag?post=13573"}],"curies":[{"name":"wp","href":"https:\/\/api.w.org\/{rel}","templated":true}]}}