{"id":13440,"date":"2025-01-24T10:53:14","date_gmt":"2025-01-24T09:53:14","guid":{"rendered":"https:\/\/mdbouwmachines.be\/product\/bordureuse-btc-4-60-honda-65-ps\/"},"modified":"2025-03-20T11:29:23","modified_gmt":"2025-03-20T10:29:23","slug":"bordureuse-btc-4-60-honda-65-ps","status":"publish","type":"product","link":"https:\/\/mdbouwmachines.be\/de\/produkt\/bordureuse-btc-4-60-honda-65-ps\/","title":{"rendered":"Bordureuse BTC 4-60 Honda 6,5 \u200b\u200bPS"},"content":{"rendered":"\n<hr class=\"wp-block-separator has-alpha-channel-opacity is-style-dots\" \/>\n\n<h2 class=\"wp-block-heading\">Definition<\/h2>\n\n<p>Bordureuse 60 von BTC aus Italien! Hervorragend geeignet f\u00fcr kleinere R\u00e4ume, G\u00e4nge und f\u00fcr die Fertigstellung in der N\u00e4he der W\u00e4nde. Dieser Randabbeizmittel geh\u00f6rt zum Standardsortiment bei der Veredelung eines Betonbodens. Dieser BTC ist serienm\u00e4\u00dfig mit einem zuverl\u00e4ssigen Honda GX200 Motor ausgestattet und l\u00e4uft aufgrund des robusten Getriebes mit einer sehr hohen Drehzahl. Der extra breite Lenker sorgt f\u00fcr mehr Stabilit\u00e4t. Diese Maschinen sind au\u00dferdem serienm\u00e4\u00dfig mit einem soliden Hebehaken ausgestattet.     <\/p>\n\n<hr class=\"wp-block-separator has-alpha-channel-opacity\" \/>\n\n<h2 class=\"wp-block-heading\">Hauptmerkmale<\/h2>\n\n<ul class=\"wp-block-list\">\n<li>Kraftstoffsparender, leistungsstarker Betrieb<\/li>\n\n\n\n<li>Einfach zu bedienen und zu warten<\/li>\n\n\n\n<li>Fettbare Speichen mit Schmiernippel<\/li>\n\n\n\n<li>Honda GX200 6,5 PS Benzinmotor<\/li>\n\n\n\n<li>Haken zum Heben<\/li>\n\n\n\n<li>Zentrifugalkupplung<\/li>\n\n\n\n<li>Breiter Lenker f\u00fcr mehr Stabilit\u00e4t<\/li>\n<\/ul>\n\n<hr class=\"wp-block-separator has-alpha-channel-opacity\" \/>\n\n<h2 class=\"wp-block-heading\">Technische Informationen<\/h2>\n\n<p><strong>Allgemein<\/strong><\/p>\n\n<figure class=\"wp-block-table\"><table class=\"has-fixed-layout\"><tbody><tr><td>Motor<\/td><td>Honda GX200 \u2013 Benzin<\/td><\/tr><tr><td>F\u00e4higkeit<\/td><td>6,5 PS<\/td><\/tr><tr><td>Arbeitsdurchmesser<\/td><td>60 cm<\/td><\/tr><\/tbody><\/table><\/figure>\n\n<p><strong>Dimensionen<\/strong><\/p>\n\n<figure class=\"wp-block-table\"><table class=\"has-fixed-layout\"><tbody><tr><td>L\u00e4nge (mm)<\/td><td>1490<\/td><\/tr><tr><td>Breite (mm)<\/td><td>600<\/td><\/tr><tr><td>H\u00f6he (mm)<\/td><td>910<\/td><\/tr><tr><td>Gewicht (kg)<\/td><td>56<\/td><\/tr><\/tbody><\/table><\/figure>\n\n<hr class=\"wp-block-separator has-alpha-channel-opacity is-style-dots\" \/>\n","protected":false},"excerpt":{"rendered":"<p>Der BTC Edge Finisher 60 ist ein Upgrade der BT-Maschine.  <br \/>Die BTC-Maschine verf\u00fcgt \u00fcber verbesserte Lager f\u00fcr den Freilauf und einen stabileren, modifizierten Lenkhebel.<\/p>\n","protected":false},"featured_media":13409,"template":"","meta":{"_acf_changed":false},"product_brand":[1135],"product_cat":[489],"product_tag":[],"class_list":{"0":"post-13440","1":"product","2":"type-product","3":"status-publish","4":"has-post-thumbnail","6":"product_brand-btc-de","7":"product_cat-kantenfinisher","9":"first","10":"instock","11":"taxable","12":"shipping-taxable","13":"purchasable","14":"product-type-variable","15":"has-default-attributes"},"acf":[],"_links":{"self":[{"href":"https:\/\/mdbouwmachines.be\/de\/wp-json\/wp\/v2\/product\/13440","targetHints":{"allow":["GET"]}}],"collection":[{"href":"https:\/\/mdbouwmachines.be\/de\/wp-json\/wp\/v2\/product"}],"about":[{"href":"https:\/\/mdbouwmachines.be\/de\/wp-json\/wp\/v2\/types\/product"}],"wp:featuredmedia":[{"embeddable":true,"href":"https:\/\/mdbouwmachines.be\/de\/wp-json\/wp\/v2\/media\/13409"}],"wp:attachment":[{"href":"https:\/\/mdbouwmachines.be\/de\/wp-json\/wp\/v2\/media?parent=13440"}],"wp:term":[{"taxonomy":"product_brand","embeddable":true,"href":"https:\/\/mdbouwmachines.be\/de\/wp-json\/wp\/v2\/product_brand?post=13440"},{"taxonomy":"product_cat","embeddable":true,"href":"https:\/\/mdbouwmachines.be\/de\/wp-json\/wp\/v2\/product_cat?post=13440"},{"taxonomy":"product_tag","embeddable":true,"href":"https:\/\/mdbouwmachines.be\/de\/wp-json\/wp\/v2\/product_tag?post=13440"}],"curies":[{"name":"wp","href":"https:\/\/api.w.org\/{rel}","templated":true}]}}