{"id":13256,"date":"2025-02-10T13:40:08","date_gmt":"2025-02-10T12:40:08","guid":{"rendered":"https:\/\/mdbouwmachines.be\/product\/vorarbeitsscheibe-90-cm\/"},"modified":"2025-03-20T13:53:44","modified_gmt":"2025-03-20T12:53:44","slug":"vorarbeitsscheibe-90-cm","status":"publish","type":"product","link":"https:\/\/mdbouwmachines.be\/de\/produkt\/vorarbeitsscheibe-90-cm\/","title":{"rendered":"Vorarbeitsscheibe 90 cm"},"content":{"rendered":"<p><strong>Eigene, selbst konstruierte Vorarbeitsscheiben mit einem Durchmesser von 90 cm.<\/strong><\/p>\n<p>Diese sind mit einer <strong>45\u00b0-Kante<\/strong> ausgestattet, um eine Betonansammlung zu verhindern.<br \/><strong>Erh\u00e4ltlich <\/strong>in zwei Versionen: <strong>8 oder 10 Lippen<\/strong> (Maschine mit 4 oder 5 Armen).<\/p>\n<p>Die <strong>Dicke von 4 mm<\/strong> sorgt f\u00fcr ein h\u00f6heres Gewicht, was zu glatteren, flacheren B\u00f6den f\u00fchrt. Dadurch halten die Regale auch l\u00e4nger.   <strong>Eine h\u00f6here Ausbeute und ein besseres Endergebnis!<\/strong><\/p>\n<p>Geeignet f\u00fcr <strong>Doppelpoliermaschinen Durchmesser 90<\/strong> fast aller Marken wie <strong>Barikell, BTC, Conmec, B-mac, Bartell, AB Lindec<\/strong>, etc.<\/p>\n<p>Auch geeignet f\u00fcr <strong>einige Poliermaschinen Durchmesser 90<\/strong> von <strong>Barikell, Conmec &amp; AB Lindec<\/strong>.<\/p>\n","protected":false},"excerpt":{"rendered":"<p><strong>Eigene, selbst konstruierte Vorarbeitsscheiben mit einem Durchmesser von 90 cm.<\/strong><\/p>\n","protected":false},"featured_media":13093,"template":"","meta":{"_acf_changed":false},"product_brand":[1132],"product_cat":[542],"product_tag":[],"class_list":{"0":"post-13256","1":"product","2":"type-product","3":"status-publish","4":"has-post-thumbnail","6":"product_brand-md-bouwmachines-de","7":"product_cat-scheiben-und-messer","9":"first","10":"instock","11":"taxable","12":"shipping-taxable","13":"purchasable","14":"product-type-variable","15":"has-default-attributes"},"acf":[],"_links":{"self":[{"href":"https:\/\/mdbouwmachines.be\/de\/wp-json\/wp\/v2\/product\/13256","targetHints":{"allow":["GET"]}}],"collection":[{"href":"https:\/\/mdbouwmachines.be\/de\/wp-json\/wp\/v2\/product"}],"about":[{"href":"https:\/\/mdbouwmachines.be\/de\/wp-json\/wp\/v2\/types\/product"}],"wp:featuredmedia":[{"embeddable":true,"href":"https:\/\/mdbouwmachines.be\/de\/wp-json\/wp\/v2\/media\/13093"}],"wp:attachment":[{"href":"https:\/\/mdbouwmachines.be\/de\/wp-json\/wp\/v2\/media?parent=13256"}],"wp:term":[{"taxonomy":"product_brand","embeddable":true,"href":"https:\/\/mdbouwmachines.be\/de\/wp-json\/wp\/v2\/product_brand?post=13256"},{"taxonomy":"product_cat","embeddable":true,"href":"https:\/\/mdbouwmachines.be\/de\/wp-json\/wp\/v2\/product_cat?post=13256"},{"taxonomy":"product_tag","embeddable":true,"href":"https:\/\/mdbouwmachines.be\/de\/wp-json\/wp\/v2\/product_tag?post=13256"}],"curies":[{"name":"wp","href":"https:\/\/api.w.org\/{rel}","templated":true}]}}