{"id":13243,"date":"2025-02-10T13:50:56","date_gmt":"2025-02-10T12:50:56","guid":{"rendered":"https:\/\/mdbouwmachines.be\/product\/vorarbeitsscheibe-120cm\/"},"modified":"2025-03-20T14:13:45","modified_gmt":"2025-03-20T13:13:45","slug":"vorarbeitsscheibe-120cm","status":"publish","type":"product","link":"https:\/\/mdbouwmachines.be\/de\/produkt\/vorarbeitsscheibe-120cm\/","title":{"rendered":"Scheibe 120 cm"},"content":{"rendered":"<p><strong>Eigene, selbst konstruierte Vorarbeitsscheiben mit einem Durchmesser von 120 cm.<\/strong><\/p>\n<p>Diese sind mit einer <strong>45\u00b0-Kante<\/strong> ausgestattet, um eine Betonansammlung zu verhindern.<br \/><strong>Erh\u00e4ltlich <\/strong>in zwei Versionen: <strong>8 oder 10 Lippen<\/strong> (Maschine mit 4 oder 5 Armen).<\/p>\n<p>Die <strong>Dicke von 4 mm<\/strong> sorgt f\u00fcr ein h\u00f6heres Gewicht, was zu glatteren, flacheren B\u00f6den f\u00fchrt. Dadurch halten die Regale auch l\u00e4nger.   <strong>Eine h\u00f6here Ausbeute und ein besseres Endergebnis!<\/strong><\/p>\n<p>Geeignet f\u00fcr <strong>Doppelpoliermaschinen Durchmesser 120<\/strong> fast aller Marken wie <strong>Barikell, BTC, Conmec, B-mac, Bartell, AB Lindec, HTX-Whiteman<\/strong> usw.<\/p>\n<p>Auch geeignet f\u00fcr <strong>einige Poliermaschinen Durchmesser 120<\/strong> von <strong>Barikell, Conmec &amp; AB Lindec<\/strong>.<\/p>\n","protected":false},"excerpt":{"rendered":"<p><strong>Eigene, selbst konstruierte Vorarbeitsscheiben mit einem Durchmesser von 120 cm.<\/strong><\/p>\n","protected":false},"featured_media":13112,"template":"","meta":{"_acf_changed":false},"product_brand":[1132],"product_cat":[542],"product_tag":[],"class_list":{"0":"post-13243","1":"product","2":"type-product","3":"status-publish","4":"has-post-thumbnail","6":"product_brand-md-bouwmachines-de","7":"product_cat-scheiben-und-messer","9":"first","10":"instock","11":"taxable","12":"shipping-taxable","13":"purchasable","14":"product-type-variable","15":"has-default-attributes"},"acf":[],"_links":{"self":[{"href":"https:\/\/mdbouwmachines.be\/de\/wp-json\/wp\/v2\/product\/13243","targetHints":{"allow":["GET"]}}],"collection":[{"href":"https:\/\/mdbouwmachines.be\/de\/wp-json\/wp\/v2\/product"}],"about":[{"href":"https:\/\/mdbouwmachines.be\/de\/wp-json\/wp\/v2\/types\/product"}],"wp:featuredmedia":[{"embeddable":true,"href":"https:\/\/mdbouwmachines.be\/de\/wp-json\/wp\/v2\/media\/13112"}],"wp:attachment":[{"href":"https:\/\/mdbouwmachines.be\/de\/wp-json\/wp\/v2\/media?parent=13243"}],"wp:term":[{"taxonomy":"product_brand","embeddable":true,"href":"https:\/\/mdbouwmachines.be\/de\/wp-json\/wp\/v2\/product_brand?post=13243"},{"taxonomy":"product_cat","embeddable":true,"href":"https:\/\/mdbouwmachines.be\/de\/wp-json\/wp\/v2\/product_cat?post=13243"},{"taxonomy":"product_tag","embeddable":true,"href":"https:\/\/mdbouwmachines.be\/de\/wp-json\/wp\/v2\/product_tag?post=13243"}],"curies":[{"name":"wp","href":"https:\/\/api.w.org\/{rel}","templated":true}]}}