{"id":13164,"date":"2025-02-10T13:19:06","date_gmt":"2025-02-10T12:19:06","guid":{"rendered":"https:\/\/mdbouwmachines.be\/product\/praeparationsscheibe-75-rev\/"},"modified":"2025-03-20T13:54:15","modified_gmt":"2025-03-20T12:54:15","slug":"praeparationsscheibe-75-rev","status":"publish","type":"product","link":"https:\/\/mdbouwmachines.be\/de\/produkt\/praeparationsscheibe-75-rev\/","title":{"rendered":"Pr\u00e4parationsscheibe 75 REV"},"content":{"rendered":"<p><strong>Eigene, selbst konstruierte Front-Arbeitsscheiben mit einem Durchmesser von 75 cm.<\/strong><\/p>\n<p>Diese sind mit einer <strong>45\u00b0-Kante<\/strong> ausgestattet, um eine Betonansammlung zu verhindern.<br \/>Die <strong>REV <\/strong>(reversible) Version stellt sicher, dass die Plattformen f\u00fcr den <strong>Barikell MK8-75<\/strong> verwendet werden k\u00f6nnen.<\/p>\n<p>Die <strong>Dicke von 4 mm<\/strong> sorgt f\u00fcr ein h\u00f6heres Gewicht, was zu glatteren, flacheren B\u00f6den f\u00fchrt. Dadurch halten die Regale auch l\u00e4nger.   <strong>Eine h\u00f6here Ausbeute und ein besseres Endergebnis!<\/strong><\/p>\n<p>Geeignet f\u00fcr <strong>Kantenfinisher mit einem Durchmesser von 75<\/strong> von fast allen Marken wie <strong>Barikell, BTC, Conmec, B-mac, Bartell, AB Lindec, BT<\/strong> usw.<\/p>\n<p>Auch passend f\u00fcr den <strong>Barikell MK8-75<\/strong>.<\/p>\n","protected":false},"excerpt":{"rendered":"<p><strong>Eigene, selbst konstruierte Front-Arbeitsscheiben mit einem Durchmesser von 75 cm.<\/strong><\/p>\n","protected":false},"featured_media":13083,"template":"","meta":{"_acf_changed":false},"product_brand":[1132],"product_cat":[542],"product_tag":[],"class_list":{"0":"post-13164","1":"product","2":"type-product","3":"status-publish","4":"has-post-thumbnail","6":"product_brand-md-bouwmachines-de","7":"product_cat-scheiben-und-messer","9":"first","10":"instock","11":"taxable","12":"shipping-taxable","13":"purchasable","14":"product-type-variable","15":"has-default-attributes"},"acf":[],"_links":{"self":[{"href":"https:\/\/mdbouwmachines.be\/de\/wp-json\/wp\/v2\/product\/13164","targetHints":{"allow":["GET"]}}],"collection":[{"href":"https:\/\/mdbouwmachines.be\/de\/wp-json\/wp\/v2\/product"}],"about":[{"href":"https:\/\/mdbouwmachines.be\/de\/wp-json\/wp\/v2\/types\/product"}],"wp:featuredmedia":[{"embeddable":true,"href":"https:\/\/mdbouwmachines.be\/de\/wp-json\/wp\/v2\/media\/13083"}],"wp:attachment":[{"href":"https:\/\/mdbouwmachines.be\/de\/wp-json\/wp\/v2\/media?parent=13164"}],"wp:term":[{"taxonomy":"product_brand","embeddable":true,"href":"https:\/\/mdbouwmachines.be\/de\/wp-json\/wp\/v2\/product_brand?post=13164"},{"taxonomy":"product_cat","embeddable":true,"href":"https:\/\/mdbouwmachines.be\/de\/wp-json\/wp\/v2\/product_cat?post=13164"},{"taxonomy":"product_tag","embeddable":true,"href":"https:\/\/mdbouwmachines.be\/de\/wp-json\/wp\/v2\/product_tag?post=13164"}],"curies":[{"name":"wp","href":"https:\/\/api.w.org\/{rel}","templated":true}]}}