{"id":13153,"date":"2025-01-24T09:53:46","date_gmt":"2025-01-24T09:53:46","guid":{"rendered":"https:\/\/mdbouwmachines.be\/product\/twisterpad-durchmesser-60-75\/"},"modified":"2025-02-10T14:57:11","modified_gmt":"2025-02-10T13:57:11","slug":"twisterpad-durchmesser-60-75","status":"publish","type":"product","link":"https:\/\/mdbouwmachines.be\/de\/produkt\/twisterpad-durchmesser-60-75\/","title":{"rendered":"Twisterpad Durchmesser 60\/75"},"content":{"rendered":"","protected":false},"excerpt":{"rendered":"<p>Schleifteller zum Entfernen aller Verschmutzungen aus Beton wie z. B. Aush\u00e4rtungsr\u00fcckst\u00e4nde, Klebereste etc. Besch\u00e4digt den Beton nicht! 1 Scheibe reicht f\u00fcr 250m\u00b2  <\/p>\n","protected":false},"featured_media":9520,"template":"","meta":{"_acf_changed":false},"product_brand":[1132],"product_cat":[527],"product_tag":[],"class_list":{"0":"post-13153","1":"product","2":"type-product","3":"status-publish","4":"has-post-thumbnail","6":"product_brand-md-bouwmachines-de","7":"product_cat-verbrauchsmaterial","9":"first","10":"instock","11":"taxable","12":"shipping-taxable","13":"purchasable","14":"product-type-variable","15":"has-default-attributes"},"acf":[],"_links":{"self":[{"href":"https:\/\/mdbouwmachines.be\/de\/wp-json\/wp\/v2\/product\/13153","targetHints":{"allow":["GET"]}}],"collection":[{"href":"https:\/\/mdbouwmachines.be\/de\/wp-json\/wp\/v2\/product"}],"about":[{"href":"https:\/\/mdbouwmachines.be\/de\/wp-json\/wp\/v2\/types\/product"}],"wp:featuredmedia":[{"embeddable":true,"href":"https:\/\/mdbouwmachines.be\/de\/wp-json\/wp\/v2\/media\/9520"}],"wp:attachment":[{"href":"https:\/\/mdbouwmachines.be\/de\/wp-json\/wp\/v2\/media?parent=13153"}],"wp:term":[{"taxonomy":"product_brand","embeddable":true,"href":"https:\/\/mdbouwmachines.be\/de\/wp-json\/wp\/v2\/product_brand?post=13153"},{"taxonomy":"product_cat","embeddable":true,"href":"https:\/\/mdbouwmachines.be\/de\/wp-json\/wp\/v2\/product_cat?post=13153"},{"taxonomy":"product_tag","embeddable":true,"href":"https:\/\/mdbouwmachines.be\/de\/wp-json\/wp\/v2\/product_tag?post=13153"}],"curies":[{"name":"wp","href":"https:\/\/api.w.org\/{rel}","templated":true}]}}