{"id":13026,"date":"2025-01-24T10:54:50","date_gmt":"2025-01-24T09:54:50","guid":{"rendered":"https:\/\/mdbouwmachines.be\/product\/combi-4-120-8-120\/"},"modified":"2025-01-24T10:54:50","modified_gmt":"2025-01-24T09:54:50","slug":"combi-4-120-8-120","status":"publish","type":"product","link":"https:\/\/mdbouwmachines.be\/de\/produkt\/combi-4-120-8-120\/","title":{"rendered":"COMBI 4-120 \/ 8-120"},"content":{"rendered":"","protected":false},"excerpt":{"rendered":"<\/p>\n<p>Packung (4 St\u00fcck) 120 cm Kombiklingen, passend f\u00fcr fast alle Maschinen wie <strong>Barikell, Whiteman, Wacker, BetonTrowel, BTC, B-mac, Bartell, AB Lindec<\/strong> , usw.<\/p>\n<p>Erh\u00e4ltlich in 2 Typen:<br \/><strong>COMBI 4-120<\/strong> : M8-Schrauben \u2013 Schl\u00fcssel 13<br \/><strong>COMBI 8-120<\/strong> : M10-Schrauben \u2013 Schl\u00fcssel 17<\/p>\n<p>Durch die hochwertige Legierung k\u00f6nnen im Vergleich zu herk\u00f6mmlichen Marken mehr Quadratmeter bearbeitet werden. Manchmal mehr als das Doppelte der Oberfl\u00e4che! <br \/>Dadurch werden die Kosten pro m\u00b2 reduziert und der Zeitverlust durch \u00c4nderungen verringert.<\/p>\n<p><strong>Verpackt pro 4 St\u00fcck.<\/strong><\/p>\n","protected":false},"featured_media":13886,"template":"","meta":{"_acf_changed":false},"product_brand":[1224],"product_cat":[524],"product_tag":[],"class_list":{"0":"post-13026","1":"product","2":"type-product","3":"status-publish","4":"has-post-thumbnail","6":"product_brand-blue-steel-de","7":"product_cat-kombinationsblatter","8":"pa_merk-barikell-de","9":"pa_merk-conmec-de","10":"pa_merk-mdb-blauer-stahl","12":"first","13":"instock","14":"taxable","15":"shipping-taxable","16":"purchasable","17":"product-type-variable","18":"has-default-attributes"},"acf":[],"_links":{"self":[{"href":"https:\/\/mdbouwmachines.be\/de\/wp-json\/wp\/v2\/product\/13026","targetHints":{"allow":["GET"]}}],"collection":[{"href":"https:\/\/mdbouwmachines.be\/de\/wp-json\/wp\/v2\/product"}],"about":[{"href":"https:\/\/mdbouwmachines.be\/de\/wp-json\/wp\/v2\/types\/product"}],"wp:featuredmedia":[{"embeddable":true,"href":"https:\/\/mdbouwmachines.be\/de\/wp-json\/wp\/v2\/media\/13886"}],"wp:attachment":[{"href":"https:\/\/mdbouwmachines.be\/de\/wp-json\/wp\/v2\/media?parent=13026"}],"wp:term":[{"taxonomy":"product_brand","embeddable":true,"href":"https:\/\/mdbouwmachines.be\/de\/wp-json\/wp\/v2\/product_brand?post=13026"},{"taxonomy":"product_cat","embeddable":true,"href":"https:\/\/mdbouwmachines.be\/de\/wp-json\/wp\/v2\/product_cat?post=13026"},{"taxonomy":"product_tag","embeddable":true,"href":"https:\/\/mdbouwmachines.be\/de\/wp-json\/wp\/v2\/product_tag?post=13026"}],"curies":[{"name":"wp","href":"https:\/\/api.w.org\/{rel}","templated":true}]}}