{"id":12995,"date":"2025-01-24T10:53:13","date_gmt":"2025-01-24T09:53:13","guid":{"rendered":"https:\/\/mdbouwmachines.be\/product\/haerter-transparent\/"},"modified":"2025-01-24T10:53:13","modified_gmt":"2025-01-24T09:53:13","slug":"haerter-transparent","status":"publish","type":"product","link":"https:\/\/mdbouwmachines.be\/de\/produkt\/haerter-transparent\/","title":{"rendered":"H\u00e4rter Transparent"},"content":{"rendered":"","protected":false},"excerpt":{"rendered":"<p>Transparentes und wasserklares Nachbehandlungsmittel f\u00fcr Industrieb\u00f6den und eingef\u00e4rbten Beton<\/p>\n","protected":false},"featured_media":9548,"template":"","meta":{"_acf_changed":false},"product_brand":[1132],"product_cat":[527],"product_tag":[],"class_list":{"0":"post-12995","1":"product","2":"type-product","3":"status-publish","4":"has-post-thumbnail","6":"product_brand-md-bouwmachines-de","7":"product_cat-verbrauchsmaterial","9":"first","10":"instock","11":"taxable","12":"shipping-taxable","13":"purchasable","14":"product-type-variable","15":"has-default-attributes"},"acf":[],"_links":{"self":[{"href":"https:\/\/mdbouwmachines.be\/de\/wp-json\/wp\/v2\/product\/12995","targetHints":{"allow":["GET"]}}],"collection":[{"href":"https:\/\/mdbouwmachines.be\/de\/wp-json\/wp\/v2\/product"}],"about":[{"href":"https:\/\/mdbouwmachines.be\/de\/wp-json\/wp\/v2\/types\/product"}],"wp:featuredmedia":[{"embeddable":true,"href":"https:\/\/mdbouwmachines.be\/de\/wp-json\/wp\/v2\/media\/9548"}],"wp:attachment":[{"href":"https:\/\/mdbouwmachines.be\/de\/wp-json\/wp\/v2\/media?parent=12995"}],"wp:term":[{"taxonomy":"product_brand","embeddable":true,"href":"https:\/\/mdbouwmachines.be\/de\/wp-json\/wp\/v2\/product_brand?post=12995"},{"taxonomy":"product_cat","embeddable":true,"href":"https:\/\/mdbouwmachines.be\/de\/wp-json\/wp\/v2\/product_cat?post=12995"},{"taxonomy":"product_tag","embeddable":true,"href":"https:\/\/mdbouwmachines.be\/de\/wp-json\/wp\/v2\/product_tag?post=12995"}],"curies":[{"name":"wp","href":"https:\/\/api.w.org\/{rel}","templated":true}]}}