{"id":12827,"date":"2025-01-24T10:54:50","date_gmt":"2025-01-24T09:54:50","guid":{"rendered":"https:\/\/mdbouwmachines.be\/product\/combi-mk-8-75-4-80\/"},"modified":"2025-01-24T10:54:50","modified_gmt":"2025-01-24T09:54:50","slug":"combi-mk-8-75-4-80","status":"publish","type":"product","link":"https:\/\/mdbouwmachines.be\/de\/produkt\/combi-mk-8-75-4-80\/","title":{"rendered":"COMBI MK 8-75 \/ 4-80"},"content":{"rendered":"","protected":false},"excerpt":{"rendered":"<\/p>\n<p><span>Packung (4 St\u00fcck) 75 cm Kombiklingen, passend f\u00fcr<\/span> <strong style=\"font-family: var(--wp--preset--font-family--system-font)\">Barikell<\/strong> <span>.<\/span><\/p>\n<p><\/p>\n<p><span>Durch die hochwertige Legierung k\u00f6nnen im Vergleich zu herk\u00f6mmlichen Marken mehr Quadratmeter bearbeitet werden. Manchmal mehr als das Doppelte der Oberfl\u00e4che! <\/span><\/p>\n<p>Dadurch werden die Kosten pro m\u00b2 reduziert und der Zeitverlust durch \u00c4nderungen verringert.<\/p>\n<p><strong>Verpackt pro 4 St\u00fcck.<\/strong><\/p>\n","protected":false},"featured_media":15640,"template":"","meta":{"_acf_changed":false},"product_brand":[1132],"product_cat":[524],"product_tag":[],"class_list":{"0":"post-12827","1":"product","2":"type-product","3":"status-publish","4":"has-post-thumbnail","6":"product_brand-md-bouwmachines-de","7":"product_cat-kombinationsblatter","9":"first","10":"instock","11":"taxable","12":"shipping-taxable","13":"purchasable","14":"product-type-simple"},"acf":[],"_links":{"self":[{"href":"https:\/\/mdbouwmachines.be\/de\/wp-json\/wp\/v2\/product\/12827","targetHints":{"allow":["GET"]}}],"collection":[{"href":"https:\/\/mdbouwmachines.be\/de\/wp-json\/wp\/v2\/product"}],"about":[{"href":"https:\/\/mdbouwmachines.be\/de\/wp-json\/wp\/v2\/types\/product"}],"wp:featuredmedia":[{"embeddable":true,"href":"https:\/\/mdbouwmachines.be\/de\/wp-json\/wp\/v2\/media\/15640"}],"wp:attachment":[{"href":"https:\/\/mdbouwmachines.be\/de\/wp-json\/wp\/v2\/media?parent=12827"}],"wp:term":[{"taxonomy":"product_brand","embeddable":true,"href":"https:\/\/mdbouwmachines.be\/de\/wp-json\/wp\/v2\/product_brand?post=12827"},{"taxonomy":"product_cat","embeddable":true,"href":"https:\/\/mdbouwmachines.be\/de\/wp-json\/wp\/v2\/product_cat?post=12827"},{"taxonomy":"product_tag","embeddable":true,"href":"https:\/\/mdbouwmachines.be\/de\/wp-json\/wp\/v2\/product_tag?post=12827"}],"curies":[{"name":"wp","href":"https:\/\/api.w.org\/{rel}","templated":true}]}}