{"id":12825,"date":"2025-02-06T14:12:26","date_gmt":"2025-02-06T13:12:26","guid":{"rendered":"https:\/\/mdbouwmachines.be\/product\/barikell-60-ausgewaschen\/"},"modified":"2025-06-23T12:36:10","modified_gmt":"2025-06-23T11:36:10","slug":"barikell-60-ausgewaschen","status":"publish","type":"product","link":"https:\/\/mdbouwmachines.be\/de\/produkt\/barikell-60-ausgewaschen\/","title":{"rendered":"BARIKELL 60 ausgewaschen"},"content":{"rendered":"\n<hr class=\"wp-block-separator has-alpha-channel-opacity is-style-dots\" \/>\n\n<h2 class=\"wp-block-heading\">Definition<\/h2>\n\n<p>Unser eigens entwickeltes\/kundenspezifisches Barikell 60 zum Auswaschen von Beton.<\/p>\n\n<p>Durch den Einsatz dieser Maschine k\u00f6nnen Sie den Waschprozess enorm beschleunigen. Die Maschine hat also nicht nur eine enorme Zeitersparnis als Vorteil, sondern ist auch kosteng\u00fcnstig. Dar\u00fcber hinaus sorgt der Einsatz dieser Maschine auch f\u00fcr ein besseres \u00e4sthetisches Ergebnis. Die Markierungsmarkierungen der Markierungschips werden minimiert.   <\/p>\n\n<p>Die 3 verschiedenen Arten von B\u00fcrsten k\u00f6nnen jeweils f\u00fcr eine bestimmte Auswaschtiefe und\/oder Anwendung verwendet werden:<\/p>\n\n<ul class=\"wp-block-list\">\n<li>Harte B\u00fcrste: f\u00fcr Auswaschtiefe ab 2 mm<\/li>\n\n\n\n<li>Halbstarre B\u00fcrste: f\u00fcr Auswaschtiefe von weniger als 2 mm<\/li>\n\n\n\n<li>Weiche B\u00fcrste: zum Auftragen von Wachs auf Betonb\u00f6den<\/li>\n<\/ul>\n\n<hr class=\"wp-block-separator has-alpha-channel-opacity\" \/>\n\n<h2 class=\"wp-block-heading\">Technische Informationen<\/h2>\n\n<h3 class=\"wp-block-heading\"><strong>Allgemein<\/strong><\/h3>\n\n<figure class=\"wp-block-table\"><table class=\"has-fixed-layout\"><tbody><tr><td>Arbeitsdurchmesser<\/td><td>60 cm<\/td><\/tr><\/tbody><\/table><\/figure>\n\n<h3 class=\"wp-block-heading\"><strong>Dimensionen<\/strong><\/h3>\n\n<figure class=\"wp-block-table\"><table class=\"has-fixed-layout\"><tbody><tr><td>L\u00e4nge (mm)<\/td><td>1406<\/td><\/tr><tr><td>Breite (mm)<\/td><td>600<\/td><\/tr><tr><td>H\u00f6he (mm)<\/td><td>1000<\/td><\/tr><tr><td>Gewicht (kg)<\/td><td>40 (\u00b1)<\/td><\/tr><\/tbody><\/table><\/figure>\n\n<hr class=\"wp-block-separator has-alpha-channel-opacity is-style-dots\" \/>\n","protected":false},"excerpt":{"rendered":"<p>Unser eigens entwickeltes\/kundenspezifisches Barikell 60 zum Auswaschen von Beton.<br \/>Diese Maschine wird standardm\u00e4\u00dfig mit 3 B\u00fcrsten geliefert, eine von jedem Typ.<\/p>\n","protected":false},"featured_media":13162,"template":"","meta":{"_acf_changed":false},"product_brand":[1124],"product_cat":[489],"product_tag":[],"class_list":{"0":"post-12825","1":"product","2":"type-product","3":"status-publish","4":"has-post-thumbnail","6":"product_brand-barikell-de","7":"product_cat-kantenfinisher","9":"first","10":"instock","11":"taxable","12":"shipping-taxable","13":"purchasable","14":"product-type-simple"},"acf":[],"_links":{"self":[{"href":"https:\/\/mdbouwmachines.be\/de\/wp-json\/wp\/v2\/product\/12825","targetHints":{"allow":["GET"]}}],"collection":[{"href":"https:\/\/mdbouwmachines.be\/de\/wp-json\/wp\/v2\/product"}],"about":[{"href":"https:\/\/mdbouwmachines.be\/de\/wp-json\/wp\/v2\/types\/product"}],"wp:featuredmedia":[{"embeddable":true,"href":"https:\/\/mdbouwmachines.be\/de\/wp-json\/wp\/v2\/media\/13162"}],"wp:attachment":[{"href":"https:\/\/mdbouwmachines.be\/de\/wp-json\/wp\/v2\/media?parent=12825"}],"wp:term":[{"taxonomy":"product_brand","embeddable":true,"href":"https:\/\/mdbouwmachines.be\/de\/wp-json\/wp\/v2\/product_brand?post=12825"},{"taxonomy":"product_cat","embeddable":true,"href":"https:\/\/mdbouwmachines.be\/de\/wp-json\/wp\/v2\/product_cat?post=12825"},{"taxonomy":"product_tag","embeddable":true,"href":"https:\/\/mdbouwmachines.be\/de\/wp-json\/wp\/v2\/product_tag?post=12825"}],"curies":[{"name":"wp","href":"https:\/\/api.w.org\/{rel}","templated":true}]}}