{"id":12583,"date":"2025-01-24T09:53:23","date_gmt":"2025-01-24T08:53:23","guid":{"rendered":"https:\/\/mdbouwmachines.be\/product\/lissmac-compactcut-300p\/"},"modified":"2025-01-24T09:53:23","modified_gmt":"2025-01-24T08:53:23","slug":"lissmac-compactcut-300p","status":"publish","type":"product","link":"https:\/\/mdbouwmachines.be\/de\/produkt\/lissmac-compactcut-300p\/","title":{"rendered":"Lissmac Compactcut 300P"},"content":{"rendered":"","protected":false},"excerpt":{"rendered":"<p>Die COMPACTCUT 300-Serie ist besonders schnell und flexibel im Einsatz und deckt ein breites Spektrum an S\u00e4geaufgaben ab. Durch die kompakte und robuste Bauweise ist die COMPACTCUT 300-Serie optimal f\u00fcr den Einsatz auf beengten Baustellen geeignet. Die serienm\u00e4\u00dfige Flanschbespr\u00fchung spart Wasser und sorgt f\u00fcr eine optimale S\u00e4geblattk\u00fchlung. Dies garantiert eine l\u00e4ngere Lebensdauer des S\u00e4geblattes. Diamantscheibe maximal 500mm. Einzige M\u00f6glichkeit zum S\u00e4gen auf der linken Seite, dies sorgt f\u00fcr eine l\u00e4ngere Lebensdauer des Motors, da dieser weniger Staub aufnimmt.     <\/p>\n","protected":false},"featured_media":12579,"template":"","meta":{"_acf_changed":false},"product_brand":[1156],"product_cat":[334],"product_tag":[],"class_list":{"0":"post-12583","1":"product","2":"type-product","3":"status-publish","4":"has-post-thumbnail","6":"product_brand-lissmac-de","7":"product_cat-vloerzagen-de","9":"first","10":"instock","11":"taxable","12":"shipping-taxable","13":"purchasable","14":"product-type-simple"},"acf":[],"_links":{"self":[{"href":"https:\/\/mdbouwmachines.be\/de\/wp-json\/wp\/v2\/product\/12583","targetHints":{"allow":["GET"]}}],"collection":[{"href":"https:\/\/mdbouwmachines.be\/de\/wp-json\/wp\/v2\/product"}],"about":[{"href":"https:\/\/mdbouwmachines.be\/de\/wp-json\/wp\/v2\/types\/product"}],"wp:featuredmedia":[{"embeddable":true,"href":"https:\/\/mdbouwmachines.be\/de\/wp-json\/wp\/v2\/media\/12579"}],"wp:attachment":[{"href":"https:\/\/mdbouwmachines.be\/de\/wp-json\/wp\/v2\/media?parent=12583"}],"wp:term":[{"taxonomy":"product_brand","embeddable":true,"href":"https:\/\/mdbouwmachines.be\/de\/wp-json\/wp\/v2\/product_brand?post=12583"},{"taxonomy":"product_cat","embeddable":true,"href":"https:\/\/mdbouwmachines.be\/de\/wp-json\/wp\/v2\/product_cat?post=12583"},{"taxonomy":"product_tag","embeddable":true,"href":"https:\/\/mdbouwmachines.be\/de\/wp-json\/wp\/v2\/product_tag?post=12583"}],"curies":[{"name":"wp","href":"https:\/\/api.w.org\/{rel}","templated":true}]}}