{"id":12569,"date":"2025-01-24T09:53:23","date_gmt":"2025-01-24T08:53:23","guid":{"rendered":"https:\/\/mdbouwmachines.be\/product\/tyrolit-fsg513\/"},"modified":"2025-01-24T09:53:23","modified_gmt":"2025-01-24T08:53:23","slug":"tyrolit-fsg513","status":"publish","type":"product","link":"https:\/\/mdbouwmachines.be\/de\/produkt\/tyrolit-fsg513\/","title":{"rendered":"Tyrolit FSG513"},"content":{"rendered":"","protected":false},"excerpt":{"rendered":"<p>Hervorragende Schneidergebnisse durch intelligente Gewichtsverteilung. Der maximale S\u00e4geblattdurchmesser betr\u00e4gt 500 mm. Dank seines \u00e4u\u00dferst robusten, hochwertigen Fahrgestells verf\u00fcgt das FSG513 \u00fcber eine hohe Belastbarkeit und gro\u00dfe Flexibilit\u00e4t durch Funktionen f\u00fcr Links-, Rechts- und Kurzwinkelschnitte. Der zuverl\u00e4ssige Honda 13 PS Benzinmotor ist mit einem Zentrifugalfilter ausgestattet.rnBenutzerfreundliche Schnitttiefeneinstellung und komfortable Drehzahlregelung.rnOptimierter Schwerpunkt \u00fcber der Achse.rnUniversell einsetzbar durch Funktionen f\u00fcr Links- und Rechtsschnitt.   <\/p>\n","protected":false},"featured_media":12565,"template":"","meta":{"_acf_changed":false},"product_brand":[1153],"product_cat":[334],"product_tag":[],"class_list":{"0":"post-12569","1":"product","2":"type-product","3":"status-publish","4":"has-post-thumbnail","6":"product_brand-tyrolit-de","7":"product_cat-vloerzagen-de","9":"first","10":"instock","11":"taxable","12":"shipping-taxable","13":"purchasable","14":"product-type-simple"},"acf":[],"_links":{"self":[{"href":"https:\/\/mdbouwmachines.be\/de\/wp-json\/wp\/v2\/product\/12569","targetHints":{"allow":["GET"]}}],"collection":[{"href":"https:\/\/mdbouwmachines.be\/de\/wp-json\/wp\/v2\/product"}],"about":[{"href":"https:\/\/mdbouwmachines.be\/de\/wp-json\/wp\/v2\/types\/product"}],"wp:featuredmedia":[{"embeddable":true,"href":"https:\/\/mdbouwmachines.be\/de\/wp-json\/wp\/v2\/media\/12565"}],"wp:attachment":[{"href":"https:\/\/mdbouwmachines.be\/de\/wp-json\/wp\/v2\/media?parent=12569"}],"wp:term":[{"taxonomy":"product_brand","embeddable":true,"href":"https:\/\/mdbouwmachines.be\/de\/wp-json\/wp\/v2\/product_brand?post=12569"},{"taxonomy":"product_cat","embeddable":true,"href":"https:\/\/mdbouwmachines.be\/de\/wp-json\/wp\/v2\/product_cat?post=12569"},{"taxonomy":"product_tag","embeddable":true,"href":"https:\/\/mdbouwmachines.be\/de\/wp-json\/wp\/v2\/product_tag?post=12569"}],"curies":[{"name":"wp","href":"https:\/\/api.w.org\/{rel}","templated":true}]}}