{"id":12458,"date":"2025-02-06T15:20:10","date_gmt":"2025-02-06T14:20:10","guid":{"rendered":"https:\/\/mdbouwmachines.be\/product\/arbeitsblaetter\/"},"modified":"2025-02-18T14:46:47","modified_gmt":"2025-02-18T13:46:47","slug":"arbeitsblaetter","status":"publish","type":"product","link":"https:\/\/mdbouwmachines.be\/de\/produkt\/arbeitsblaetter\/","title":{"rendered":"Arbeitsbl\u00e4tter"},"content":{"rendered":"","protected":false},"excerpt":{"rendered":"<p>Vorarbeitsmesser, passend f\u00fcr <strong>Barikell<\/strong> .<\/p>\n<p>In mehreren Ausf\u00fchrungen erh\u00e4ltlich:<br \/><strong>4-80<\/strong><br \/><strong>90: Links \/ Rechts<\/strong><br \/><strong>120: Links \/ Rechts<\/strong><\/p>\n<p>Durch die hochwertige Legierung k\u00f6nnen im Vergleich zu herk\u00f6mmlichen Marken mehr Quadratmeter bearbeitet werden. Manchmal mehr als das Doppelte der Oberfl\u00e4che! <br \/>Dadurch werden die Kosten pro m\u00b2 reduziert und der Zeitverlust durch \u00c4nderungen verringert.<\/p>\n<p><strong>Verpackt pro 4 St\u00fcck.<\/strong><\/p>\n","protected":false},"featured_media":12446,"template":"","meta":{"_acf_changed":false},"product_brand":[1124],"product_cat":[462],"product_tag":[],"class_list":{"0":"post-12458","1":"product","2":"type-product","3":"status-publish","4":"has-post-thumbnail","6":"product_brand-barikell-de","7":"product_cat-arbeitsblatter","9":"first","10":"instock","11":"taxable","12":"shipping-taxable","13":"purchasable","14":"product-type-variable","15":"has-default-attributes"},"acf":[],"_links":{"self":[{"href":"https:\/\/mdbouwmachines.be\/de\/wp-json\/wp\/v2\/product\/12458","targetHints":{"allow":["GET"]}}],"collection":[{"href":"https:\/\/mdbouwmachines.be\/de\/wp-json\/wp\/v2\/product"}],"about":[{"href":"https:\/\/mdbouwmachines.be\/de\/wp-json\/wp\/v2\/types\/product"}],"wp:featuredmedia":[{"embeddable":true,"href":"https:\/\/mdbouwmachines.be\/de\/wp-json\/wp\/v2\/media\/12446"}],"wp:attachment":[{"href":"https:\/\/mdbouwmachines.be\/de\/wp-json\/wp\/v2\/media?parent=12458"}],"wp:term":[{"taxonomy":"product_brand","embeddable":true,"href":"https:\/\/mdbouwmachines.be\/de\/wp-json\/wp\/v2\/product_brand?post=12458"},{"taxonomy":"product_cat","embeddable":true,"href":"https:\/\/mdbouwmachines.be\/de\/wp-json\/wp\/v2\/product_cat?post=12458"},{"taxonomy":"product_tag","embeddable":true,"href":"https:\/\/mdbouwmachines.be\/de\/wp-json\/wp\/v2\/product_tag?post=12458"}],"curies":[{"name":"wp","href":"https:\/\/api.w.org\/{rel}","templated":true}]}}