{"id":12331,"date":"2025-01-24T09:53:24","date_gmt":"2025-01-24T08:53:24","guid":{"rendered":"https:\/\/mdbouwmachines.be\/product\/soff-cut-150\/"},"modified":"2025-01-24T09:53:24","modified_gmt":"2025-01-24T08:53:24","slug":"soff-cut-150","status":"publish","type":"product","link":"https:\/\/mdbouwmachines.be\/de\/produkt\/soff-cut-150\/","title":{"rendered":"SOFF-CUT 150"},"content":{"rendered":"","protected":false},"excerpt":{"rendered":"<p>Die Benzins\u00e4ge Husqvarna Soff-Cut 150 ist f\u00fcr leichte gewerbliche und private Anwendungen konzipiert. Als leichteste Benzins\u00e4ge der Soff-Cut-Reihe ist die 150 auf Benutzerfreundlichkeit und Komfort ausgelegt. Eines seiner Merkmale ist ein schalld\u00e4mpfendes Fl\u00fcgelgeh\u00e4use, sodass dieses Ger\u00e4t auch in Innenr\u00e4umen mit minimalen St\u00f6rungen verwendet werden kann. Dar\u00fcber hinaus kann diese S\u00e4ge trocken schneiden, da das S\u00e4geblattblockierungssystem sehr wenig Staub erzeugt. Dadurch wird der Restm\u00fcll auf ein Minimum reduziert und die Reinigung wird zum Kinderspiel.    <\/p>\n","protected":false},"featured_media":9132,"template":"","meta":{"_acf_changed":false},"product_brand":[1161],"product_cat":[334],"product_tag":[],"class_list":{"0":"post-12331","1":"product","2":"type-product","3":"status-publish","4":"has-post-thumbnail","6":"product_brand-husqvarna-de","7":"product_cat-vloerzagen-de","9":"first","10":"instock","11":"taxable","12":"shipping-taxable","13":"purchasable","14":"product-type-simple"},"acf":[],"_links":{"self":[{"href":"https:\/\/mdbouwmachines.be\/de\/wp-json\/wp\/v2\/product\/12331","targetHints":{"allow":["GET"]}}],"collection":[{"href":"https:\/\/mdbouwmachines.be\/de\/wp-json\/wp\/v2\/product"}],"about":[{"href":"https:\/\/mdbouwmachines.be\/de\/wp-json\/wp\/v2\/types\/product"}],"wp:featuredmedia":[{"embeddable":true,"href":"https:\/\/mdbouwmachines.be\/de\/wp-json\/wp\/v2\/media\/9132"}],"wp:attachment":[{"href":"https:\/\/mdbouwmachines.be\/de\/wp-json\/wp\/v2\/media?parent=12331"}],"wp:term":[{"taxonomy":"product_brand","embeddable":true,"href":"https:\/\/mdbouwmachines.be\/de\/wp-json\/wp\/v2\/product_brand?post=12331"},{"taxonomy":"product_cat","embeddable":true,"href":"https:\/\/mdbouwmachines.be\/de\/wp-json\/wp\/v2\/product_cat?post=12331"},{"taxonomy":"product_tag","embeddable":true,"href":"https:\/\/mdbouwmachines.be\/de\/wp-json\/wp\/v2\/product_tag?post=12331"}],"curies":[{"name":"wp","href":"https:\/\/api.w.org\/{rel}","templated":true}]}}