{"id":12278,"date":"2025-02-03T17:17:04","date_gmt":"2025-02-03T16:17:04","guid":{"rendered":"https:\/\/mdbouwmachines.be\/product\/fugenschneider-asphalt-20\/"},"modified":"2025-02-03T17:17:04","modified_gmt":"2025-02-03T16:17:04","slug":"fugenschneider-asphalt-20","status":"publish","type":"product","link":"https:\/\/mdbouwmachines.be\/de\/produkt\/fugenschneider-asphalt-20\/","title":{"rendered":"Fugenschneider Asphalt 20"},"content":{"rendered":"","protected":false},"excerpt":{"rendered":"<p>Ein ma\u00dfgeschneiderter Fugenschneider speziell f\u00fcr Frischbeton. S\u00e4gehaube mit max. 450 mm Durchmesser, extrem nah an der Wand.<br \/> Extraleicht, Platzierung Ihrer Wahl f\u00fcr beste Sichtbarkeit mit starken Magneten.<br \/> Einfacheres, schnelles Wassersystem, leicht zu zerlegen.<br \/> Mit 35 PS starkem VANGUARD, viel Leistung f\u00fcr schnelles, pr\u00e4zises Arbeiten.<br \/> Auswahl zwischen Handpumpe oder elektrischem Auf und Ab. Extrem standfest durch sehr gro\u00dfen Wassertank  <\/p>\n","protected":false},"featured_media":12574,"template":"","meta":{"_acf_changed":false},"product_brand":[1124],"product_cat":[334],"product_tag":[],"class_list":{"0":"post-12278","1":"product","2":"type-product","3":"status-publish","4":"has-post-thumbnail","6":"product_brand-barikell-de","7":"product_cat-vloerzagen-de","9":"first","10":"instock","11":"taxable","12":"shipping-taxable","13":"purchasable","14":"product-type-simple"},"acf":[],"_links":{"self":[{"href":"https:\/\/mdbouwmachines.be\/de\/wp-json\/wp\/v2\/product\/12278","targetHints":{"allow":["GET"]}}],"collection":[{"href":"https:\/\/mdbouwmachines.be\/de\/wp-json\/wp\/v2\/product"}],"about":[{"href":"https:\/\/mdbouwmachines.be\/de\/wp-json\/wp\/v2\/types\/product"}],"wp:featuredmedia":[{"embeddable":true,"href":"https:\/\/mdbouwmachines.be\/de\/wp-json\/wp\/v2\/media\/12574"}],"wp:attachment":[{"href":"https:\/\/mdbouwmachines.be\/de\/wp-json\/wp\/v2\/media?parent=12278"}],"wp:term":[{"taxonomy":"product_brand","embeddable":true,"href":"https:\/\/mdbouwmachines.be\/de\/wp-json\/wp\/v2\/product_brand?post=12278"},{"taxonomy":"product_cat","embeddable":true,"href":"https:\/\/mdbouwmachines.be\/de\/wp-json\/wp\/v2\/product_cat?post=12278"},{"taxonomy":"product_tag","embeddable":true,"href":"https:\/\/mdbouwmachines.be\/de\/wp-json\/wp\/v2\/product_tag?post=12278"}],"curies":[{"name":"wp","href":"https:\/\/api.w.org\/{rel}","templated":true}]}}