{"id":12179,"date":"2025-02-03T16:37:30","date_gmt":"2025-02-03T15:37:30","guid":{"rendered":"https:\/\/mdbouwmachines.be\/product\/streumaschine\/"},"modified":"2025-02-03T16:37:30","modified_gmt":"2025-02-03T15:37:30","slug":"streumaschine","status":"publish","type":"product","link":"https:\/\/mdbouwmachines.be\/de\/produkt\/streumaschine\/","title":{"rendered":"Streumaschine"},"content":{"rendered":"","protected":false},"excerpt":{"rendered":"<p>Streumaschine f\u00fcr vorgemischten Quarz mit manueller Zustellung. Ausgestattet mit Dosiereinheit. 1m L\u00e4nge (1m30 mit Reifen), 48cm Breite, 65cm H\u00f6he  <\/p>\n","protected":false},"featured_media":12136,"template":"","meta":{"_acf_changed":false},"product_brand":[1124],"product_cat":[422],"product_tag":[],"class_list":{"0":"post-12179","1":"product","2":"type-product","3":"status-publish","4":"has-post-thumbnail","6":"product_brand-barikell-de","7":"product_cat-streumaschine","9":"first","10":"instock","11":"taxable","12":"shipping-taxable","13":"purchasable","14":"product-type-simple"},"acf":[],"_links":{"self":[{"href":"https:\/\/mdbouwmachines.be\/de\/wp-json\/wp\/v2\/product\/12179","targetHints":{"allow":["GET"]}}],"collection":[{"href":"https:\/\/mdbouwmachines.be\/de\/wp-json\/wp\/v2\/product"}],"about":[{"href":"https:\/\/mdbouwmachines.be\/de\/wp-json\/wp\/v2\/types\/product"}],"wp:featuredmedia":[{"embeddable":true,"href":"https:\/\/mdbouwmachines.be\/de\/wp-json\/wp\/v2\/media\/12136"}],"wp:attachment":[{"href":"https:\/\/mdbouwmachines.be\/de\/wp-json\/wp\/v2\/media?parent=12179"}],"wp:term":[{"taxonomy":"product_brand","embeddable":true,"href":"https:\/\/mdbouwmachines.be\/de\/wp-json\/wp\/v2\/product_brand?post=12179"},{"taxonomy":"product_cat","embeddable":true,"href":"https:\/\/mdbouwmachines.be\/de\/wp-json\/wp\/v2\/product_cat?post=12179"},{"taxonomy":"product_tag","embeddable":true,"href":"https:\/\/mdbouwmachines.be\/de\/wp-json\/wp\/v2\/product_tag?post=12179"}],"curies":[{"name":"wp","href":"https:\/\/api.w.org\/{rel}","templated":true}]}}