{"id":12171,"date":"2025-02-03T16:30:28","date_gmt":"2025-02-03T15:30:28","guid":{"rendered":"https:\/\/mdbouwmachines.be\/product\/etwa-120\/"},"modified":"2025-06-23T12:35:12","modified_gmt":"2025-06-23T11:35:12","slug":"etwa-120","status":"publish","type":"product","link":"https:\/\/mdbouwmachines.be\/de\/produkt\/etwa-120\/","title":{"rendered":"BARIKELL Single 120"},"content":{"rendered":"\n<h2 class=\"wp-block-heading\">Definition<\/h2>\n\n<p>Die Single 120 Long Handle Poliermaschine, ausgestattet mit einem GX390 13PS Honda Motor. Die Kraft des Motors wird \u00fcber eine Fliehkraftkupplung \u00fcber zwei Keilriemen auf das Getriebe \u00fcbertragen. <\/p>\n\n<p>Ausgestattet mit einem l\u00e4ngeren Lenker, der einen gr\u00f6\u00dferen Hebel erzeugt. Dadurch wird sichergestellt, dass die Maschine trotz der erh\u00f6hten Leistung immer noch leicht zu bedienen ist. <\/p>\n\n<p>Die Single 120 ist zudem immer mit einem Chassis ausgestattet, das sich \u00f6ffnen l\u00e4sst. Auf diese Weise k\u00f6nnen die Klingen leicht ausgetauscht werden. <\/p>\n\n<hr class=\"wp-block-separator has-alpha-channel-opacity\" \/>\n\n<h2 class=\"wp-block-heading\">Technische Informationen<\/h2>\n\n<h3 class=\"wp-block-heading\"><strong>Allgemein<\/strong><\/h3>\n\n<figure class=\"wp-block-table\"><table class=\"has-fixed-layout\"><tbody><tr><td>Arbeitsdurchmesser<\/td><td>ca. 120 cm<\/td><\/tr><\/tbody><\/table><\/figure>\n\n<h3 class=\"wp-block-heading\"><strong>Dimensionen<\/strong><\/h3>\n\n<figure class=\"wp-block-table\"><table class=\"has-fixed-layout\"><tbody><tr><td>L\u00e4nge (mm)<\/td><td>1880<\/td><\/tr><tr><td>Breite (mm)<\/td><td>1280<\/td><\/tr><tr><td>H\u00f6he (mm)<\/td><td>960<\/td><\/tr><tr><td>Gewicht (kg)<\/td><td>104 (\u00b1)<\/td><\/tr><\/tbody><\/table><\/figure>\n","protected":false},"excerpt":{"rendered":"<p>Etwa 120 Poliermaschinen von Barikell sind mit dem GX390 13 PS Honda Motor ausgestattet. Aufgrund der erh\u00f6hten Leistung hat diese Poliermaschine einen langen Lenker, so dass sie dennoch einfach zu bedienen ist.<br \/>Inklusive Zwei-Personen-Hebesystem und Hebehaken. <\/p>\n","protected":false},"featured_media":12125,"template":"","meta":{"_acf_changed":false},"product_brand":[1124],"product_cat":[342],"product_tag":[],"class_list":{"0":"post-12171","1":"product","2":"type-product","3":"status-publish","4":"has-post-thumbnail","6":"product_brand-barikell-de","7":"product_cat-einige-poliermaschinen","9":"first","10":"instock","11":"taxable","12":"shipping-taxable","13":"purchasable","14":"product-type-simple"},"acf":[],"_links":{"self":[{"href":"https:\/\/mdbouwmachines.be\/de\/wp-json\/wp\/v2\/product\/12171","targetHints":{"allow":["GET"]}}],"collection":[{"href":"https:\/\/mdbouwmachines.be\/de\/wp-json\/wp\/v2\/product"}],"about":[{"href":"https:\/\/mdbouwmachines.be\/de\/wp-json\/wp\/v2\/types\/product"}],"wp:featuredmedia":[{"embeddable":true,"href":"https:\/\/mdbouwmachines.be\/de\/wp-json\/wp\/v2\/media\/12125"}],"wp:attachment":[{"href":"https:\/\/mdbouwmachines.be\/de\/wp-json\/wp\/v2\/media?parent=12171"}],"wp:term":[{"taxonomy":"product_brand","embeddable":true,"href":"https:\/\/mdbouwmachines.be\/de\/wp-json\/wp\/v2\/product_brand?post=12171"},{"taxonomy":"product_cat","embeddable":true,"href":"https:\/\/mdbouwmachines.be\/de\/wp-json\/wp\/v2\/product_cat?post=12171"},{"taxonomy":"product_tag","embeddable":true,"href":"https:\/\/mdbouwmachines.be\/de\/wp-json\/wp\/v2\/product_tag?post=12171"}],"curies":[{"name":"wp","href":"https:\/\/api.w.org\/{rel}","templated":true}]}}