{"id":12156,"date":"2025-02-03T16:04:09","date_gmt":"2025-02-03T15:04:09","guid":{"rendered":"https:\/\/mdbouwmachines.be\/product\/mk10-120-barikell\/"},"modified":"2025-06-30T13:48:14","modified_gmt":"2025-06-30T12:48:14","slug":"mk10-120-barikell","status":"publish","type":"product","link":"https:\/\/mdbouwmachines.be\/de\/produkt\/mk10-120-barikell\/","title":{"rendered":"MK10-120 Barikell"},"content":{"rendered":"","protected":false},"excerpt":{"rendered":"<p>Die Poliermaschine 120 von Barikell, mit Vorarbeitsscheiben. Die Maschine ist voll ausgestattet (einschlie\u00dflich zentralem Hebehaken, Wasserspr\u00fchsystem, Getriebesatz, Gewichtsbl\u00f6cken und LED-Beleuchtung). Kommt immer mit 8 oder 10 Klingen und dem Vanguard 35-PS-Motor. Diese Maschinen sind die leichtesten auf dem Markt erh\u00e4ltlichen Maschinen mit der h\u00f6chsten Drehzahl. Fahrgestell in Chrom f\u00fcr eine einfache Reinigung von Beton.   <\/p>\n","protected":false},"featured_media":15791,"template":"","meta":{"_acf_changed":false},"product_brand":[1124],"product_cat":[363],"product_tag":[],"class_list":{"0":"post-12156","1":"product","2":"type-product","3":"status-publish","4":"has-post-thumbnail","6":"product_brand-barikell-de","7":"product_cat-doppelpoliermaschinen","9":"first","10":"instock","11":"taxable","12":"shipping-taxable","13":"purchasable","14":"product-type-variable","15":"has-default-attributes"},"acf":[],"_links":{"self":[{"href":"https:\/\/mdbouwmachines.be\/de\/wp-json\/wp\/v2\/product\/12156","targetHints":{"allow":["GET"]}}],"collection":[{"href":"https:\/\/mdbouwmachines.be\/de\/wp-json\/wp\/v2\/product"}],"about":[{"href":"https:\/\/mdbouwmachines.be\/de\/wp-json\/wp\/v2\/types\/product"}],"wp:featuredmedia":[{"embeddable":true,"href":"https:\/\/mdbouwmachines.be\/de\/wp-json\/wp\/v2\/media\/15791"}],"wp:attachment":[{"href":"https:\/\/mdbouwmachines.be\/de\/wp-json\/wp\/v2\/media?parent=12156"}],"wp:term":[{"taxonomy":"product_brand","embeddable":true,"href":"https:\/\/mdbouwmachines.be\/de\/wp-json\/wp\/v2\/product_brand?post=12156"},{"taxonomy":"product_cat","embeddable":true,"href":"https:\/\/mdbouwmachines.be\/de\/wp-json\/wp\/v2\/product_cat?post=12156"},{"taxonomy":"product_tag","embeddable":true,"href":"https:\/\/mdbouwmachines.be\/de\/wp-json\/wp\/v2\/product_tag?post=12156"}],"curies":[{"name":"wp","href":"https:\/\/api.w.org\/{rel}","templated":true}]}}