{"id":12074,"date":"2025-01-24T10:54:50","date_gmt":"2025-01-24T09:54:50","guid":{"rendered":"https:\/\/mdbouwmachines.be\/product\/pala-4-60\/"},"modified":"2025-02-18T19:05:56","modified_gmt":"2025-02-18T18:05:56","slug":"pala-4-60","status":"publish","type":"product","link":"https:\/\/mdbouwmachines.be\/de\/produkt\/pala-4-60\/","title":{"rendered":"PALA 4-60"},"content":{"rendered":"<p>Packung Streichbleche (4 St\u00fcck), geeignet f\u00fcr Kantenfinisher Durchmesser 60 von fast allen Marken wie <strong>Barikell, Whiteman, Wacker, BetonTrowel, BTC, B-mac, Bartell, AB Lindec<\/strong>, etc.<\/p>\n<p>Durch die hochwertige Legierung k\u00f6nnen im Vergleich zu herk\u00f6mmlichen Marken mehr Quadratmeter bearbeitet werden. Manchmal mehr als das Doppelte der Oberfl\u00e4che! <br \/>Dadurch werden die Kosten pro m\u00b2 reduziert und der Zeitverlust durch \u00c4nderungen verringert.<\/p>\n<p><strong>Verpackt pro 4 St\u00fcck.<\/strong><\/p>\n","protected":false},"excerpt":{"rendered":"<p>Packung Streichbleche (4 St\u00fcck), geeignet f\u00fcr Kantenfinisher Durchmesser 60 von fast allen Marken wie <strong>Barikell, Whiteman, Wacker, BetonTrowel, BTC, B-mac, Bartell, AB Lindec<\/strong>, etc.<\/p>\n<p>Durch die hochwertige Legierung k\u00f6nnen im Vergleich zu herk\u00f6mmlichen Marken mehr Quadratmeter bearbeitet werden. Manchmal mehr als das Doppelte der Oberfl\u00e4che! <br \/>Dadurch werden die Kosten pro m\u00b2 reduziert und der Zeitverlust durch \u00c4nderungen verringert.<\/p>\n<p><strong>Verpackt pro 4 St\u00fcck.<\/strong><\/p>\n","protected":false},"featured_media":12501,"template":"","meta":{"_acf_changed":false},"product_brand":[1124,1220,1132],"product_cat":[413],"product_tag":[],"class_list":{"0":"post-12074","1":"product","2":"type-product","3":"status-publish","4":"has-post-thumbnail","6":"product_brand-barikell-de","7":"product_brand-conmec-de","8":"product_brand-md-bouwmachines-de","9":"product_cat-abschlussbleche","10":"pa_merk-barikell-de","11":"pa_merk-conmec-de","12":"pa_merk-mdb-blauer-stahl","14":"first","15":"instock","16":"taxable","17":"shipping-taxable","18":"purchasable","19":"product-type-variable","20":"has-default-attributes"},"acf":[],"_links":{"self":[{"href":"https:\/\/mdbouwmachines.be\/de\/wp-json\/wp\/v2\/product\/12074","targetHints":{"allow":["GET"]}}],"collection":[{"href":"https:\/\/mdbouwmachines.be\/de\/wp-json\/wp\/v2\/product"}],"about":[{"href":"https:\/\/mdbouwmachines.be\/de\/wp-json\/wp\/v2\/types\/product"}],"wp:featuredmedia":[{"embeddable":true,"href":"https:\/\/mdbouwmachines.be\/de\/wp-json\/wp\/v2\/media\/12501"}],"wp:attachment":[{"href":"https:\/\/mdbouwmachines.be\/de\/wp-json\/wp\/v2\/media?parent=12074"}],"wp:term":[{"taxonomy":"product_brand","embeddable":true,"href":"https:\/\/mdbouwmachines.be\/de\/wp-json\/wp\/v2\/product_brand?post=12074"},{"taxonomy":"product_cat","embeddable":true,"href":"https:\/\/mdbouwmachines.be\/de\/wp-json\/wp\/v2\/product_cat?post=12074"},{"taxonomy":"product_tag","embeddable":true,"href":"https:\/\/mdbouwmachines.be\/de\/wp-json\/wp\/v2\/product_tag?post=12074"}],"curies":[{"name":"wp","href":"https:\/\/api.w.org\/{rel}","templated":true}]}}