{"id":12060,"date":"2025-02-03T14:56:52","date_gmt":"2025-02-03T13:56:52","guid":{"rendered":"https:\/\/mdbouwmachines.be\/product\/mk10-120-hcs-barikell\/"},"modified":"2025-02-03T14:56:52","modified_gmt":"2025-02-03T13:56:52","slug":"mk10-120-hcs-barikell","status":"publish","type":"product","link":"https:\/\/mdbouwmachines.be\/de\/produkt\/mk10-120-hcs-barikell\/","title":{"rendered":"MK10-120 HCS Barikell"},"content":{"rendered":"","protected":false},"excerpt":{"rendered":"<p>Die Barikell Double 120 Poliermaschine. Die Maschine ist mit allen Optionen ausgestattet (einschlie\u00dflich zentralem Hebehaken, Wasserspr\u00fchsystem, 2 Frontscheiben, Getriebesatz, Gewichtsbl\u00f6cken und LED-Beleuchtung). Wird immer mit 10 Klingen geliefert. Sowie die Wahl zwischen dem Vanguard-Einspritzmotor mit 37 PS oder dem Vanguard mit 35 PS f\u00fcr etwas mehr Leistung. Diese Maschinen sind die leichtesten auf dem Markt und verf\u00fcgen \u00fcber die h\u00f6chste Drehzahl\/Minute. Das Untergestell ist in Chrom ausgef\u00fchrt, um die Reinigung von Beton zu erleichtern. Verf\u00fcgt \u00fcber eine hydraulische Lenkung und eine Drehmomentwandlerkupplung.     <\/p>\n","protected":false},"featured_media":12014,"template":"","meta":{"_acf_changed":false},"product_brand":[1124],"product_cat":[363],"product_tag":[],"class_list":{"0":"post-12060","1":"product","2":"type-product","3":"status-publish","4":"has-post-thumbnail","6":"product_brand-barikell-de","7":"product_cat-doppelpoliermaschinen","9":"first","10":"instock","11":"taxable","12":"shipping-taxable","13":"purchasable","14":"product-type-variable","15":"has-default-attributes"},"acf":[],"_links":{"self":[{"href":"https:\/\/mdbouwmachines.be\/de\/wp-json\/wp\/v2\/product\/12060","targetHints":{"allow":["GET"]}}],"collection":[{"href":"https:\/\/mdbouwmachines.be\/de\/wp-json\/wp\/v2\/product"}],"about":[{"href":"https:\/\/mdbouwmachines.be\/de\/wp-json\/wp\/v2\/types\/product"}],"wp:featuredmedia":[{"embeddable":true,"href":"https:\/\/mdbouwmachines.be\/de\/wp-json\/wp\/v2\/media\/12014"}],"wp:attachment":[{"href":"https:\/\/mdbouwmachines.be\/de\/wp-json\/wp\/v2\/media?parent=12060"}],"wp:term":[{"taxonomy":"product_brand","embeddable":true,"href":"https:\/\/mdbouwmachines.be\/de\/wp-json\/wp\/v2\/product_brand?post=12060"},{"taxonomy":"product_cat","embeddable":true,"href":"https:\/\/mdbouwmachines.be\/de\/wp-json\/wp\/v2\/product_cat?post=12060"},{"taxonomy":"product_tag","embeddable":true,"href":"https:\/\/mdbouwmachines.be\/de\/wp-json\/wp\/v2\/product_tag?post=12060"}],"curies":[{"name":"wp","href":"https:\/\/api.w.org\/{rel}","templated":true}]}}