{"id":11983,"date":"2025-02-03T13:30:03","date_gmt":"2025-02-03T12:30:03","guid":{"rendered":"https:\/\/mdbouwmachines.be\/product\/b10-120-ueberlapper-barikell\/"},"modified":"2025-06-30T14:21:26","modified_gmt":"2025-06-30T13:21:26","slug":"b10-120-ueberlapper-barikell","status":"publish","type":"product","link":"https:\/\/mdbouwmachines.be\/de\/produkt\/b10-120-ueberlapper-barikell\/","title":{"rendered":"B10-120 \u00dcberlapper Barikell"},"content":{"rendered":"","protected":false},"excerpt":{"rendered":"<p>Barikell Doppelpoliermaschine 120, \u00fcberlappend. Die Maschine ist voll ausgestattet (einschlie\u00dflich zentralem Hebehaken, Wasserspr\u00fchsystem, Getriebesatz, Gewichtsbl\u00f6cken und LED-Beleuchtung). Sie haben immer die Wahl zwischen 8 oder 10 Messern an der Maschine. Kommt mit dem 35 PS Vanguard Motor\/Honda GX690\/Kohler 27 PS. Diese Maschinen sind die leichtesten auf dem Markt erh\u00e4ltlichen Maschinen mit der h\u00f6chsten Drehzahl. Fahrgestell in Chrom f\u00fcr eine einfache Reinigung von Beton. Optional ist die hydraulische Lenkung.     <\/p>\n","protected":false},"featured_media":11929,"template":"","meta":{"_acf_changed":false},"product_brand":[1124],"product_cat":[363],"product_tag":[],"class_list":{"0":"post-11983","1":"product","2":"type-product","3":"status-publish","4":"has-post-thumbnail","6":"product_brand-barikell-de","7":"product_cat-doppelpoliermaschinen","9":"first","10":"instock","11":"taxable","12":"shipping-taxable","13":"purchasable","14":"product-type-variable","15":"has-default-attributes"},"acf":[],"_links":{"self":[{"href":"https:\/\/mdbouwmachines.be\/de\/wp-json\/wp\/v2\/product\/11983","targetHints":{"allow":["GET"]}}],"collection":[{"href":"https:\/\/mdbouwmachines.be\/de\/wp-json\/wp\/v2\/product"}],"about":[{"href":"https:\/\/mdbouwmachines.be\/de\/wp-json\/wp\/v2\/types\/product"}],"wp:featuredmedia":[{"embeddable":true,"href":"https:\/\/mdbouwmachines.be\/de\/wp-json\/wp\/v2\/media\/11929"}],"wp:attachment":[{"href":"https:\/\/mdbouwmachines.be\/de\/wp-json\/wp\/v2\/media?parent=11983"}],"wp:term":[{"taxonomy":"product_brand","embeddable":true,"href":"https:\/\/mdbouwmachines.be\/de\/wp-json\/wp\/v2\/product_brand?post=11983"},{"taxonomy":"product_cat","embeddable":true,"href":"https:\/\/mdbouwmachines.be\/de\/wp-json\/wp\/v2\/product_cat?post=11983"},{"taxonomy":"product_tag","embeddable":true,"href":"https:\/\/mdbouwmachines.be\/de\/wp-json\/wp\/v2\/product_tag?post=11983"}],"curies":[{"name":"wp","href":"https:\/\/api.w.org\/{rel}","templated":true}]}}