{"id":11905,"date":"2025-02-03T13:10:30","date_gmt":"2025-02-03T12:10:30","guid":{"rendered":"https:\/\/mdbouwmachines.be\/product\/mk8-90-barikell\/"},"modified":"2025-06-23T12:35:05","modified_gmt":"2025-06-23T11:35:05","slug":"mk8-90-barikell","status":"publish","type":"product","link":"https:\/\/mdbouwmachines.be\/de\/produkt\/mk8-90-barikell\/","title":{"rendered":"BARIKELL MK8-90"},"content":{"rendered":"\n<hr class=\"wp-block-separator has-alpha-channel-opacity is-style-dots\" \/>\n\n<h2 class=\"wp-block-heading\">Definition<\/h2>\n\n<p>Barikell Doppel 90 Polierer. Die Maschine ist serienm\u00e4\u00dfig mit einem zentralen Hebehaken, einem Wasserspr\u00fchsystem, 2x vorderen Arbeitsscheiben, einem Getriebesatz, einer LED-Beleuchtung und Gewichtsbl\u00f6cken f\u00fcr eine perfekt ausbalancierte Ausf\u00fchrung ausgestattet. <\/p>\n\n<p>Die Maschine ist mit 2&#215;4 Armen (MK 8-90) oder 2&#215;5 Armen (MK 10-90) erh\u00e4ltlich.<\/p>\n\n<p>Die Maschine ist voll ausgestattet (einschlie\u00dflich zentralem Hebehaken, Wasserspr\u00fchsystem, 2 x vorderen Arbeitsscheiben, Getriebesatz, Gewichtsbl\u00f6cken und LED-Beleuchtung). Sie haben immer die Wahl zwischen 8 oder 10 Messern an der Maschine. Sowie wahlweise der HONDA GX690 Motor oder der Vanguard 35 PS f\u00fcr etwas mehr Leistung. Diese Maschinen sind die leichtesten auf dem Markt erh\u00e4ltlichen Maschinen mit der h\u00f6chsten Drehzahl. Fahrgestell in Chrom f\u00fcr eine einfache Reinigung von Beton.   <\/p>\n\n<hr class=\"wp-block-separator has-alpha-channel-opacity\" \/>\n\n<h2 class=\"wp-block-heading\">Hauptmerkmale<\/h2>\n\n<ul class=\"wp-block-list\">\n<li>2 nicht \u00fcberlappende Rotoren mit je 4 oder 5 Armen<\/li>\n\n\n\n<li>Versorgen:\n<ul class=\"wp-block-list\">\n<li>Zentraler Hebehaken<\/li>\n\n\n\n<li>Wasserspr\u00fchsystem<\/li>\n\n\n\n<li>2x Pre-Work-Scheiben<\/li>\n\n\n\n<li>LED-Leuchten<\/li>\n\n\n\n<li>Doppeltes Hebesystem<\/li>\n<\/ul>\n<\/li>\n<\/ul>\n\n<hr class=\"wp-block-separator has-alpha-channel-opacity\" \/>\n\n<h2 class=\"wp-block-heading\">Technische Informationen<\/h2>\n\n<h3 class=\"wp-block-heading\"><strong>Allgemein<\/strong><\/h3>\n\n<figure class=\"wp-block-table\"><table class=\"has-fixed-layout\"><tbody><tr><td>Arbeitsdurchmesser<\/td><td>2&#215;90 cm (nicht \u00fcberlappend)<\/td><\/tr><\/tbody><\/table><\/figure>\n\n<h3 class=\"wp-block-heading\"><strong>Dimensionen<\/strong><\/h3>\n\n<figure class=\"wp-block-table\"><table class=\"has-fixed-layout\"><tbody><tr><td>L\u00e4nge (mm)<\/td><td>1550<\/td><\/tr><tr><td>Breite (mm)<\/td><td>800<\/td><\/tr><tr><td>H\u00f6he (mm)<\/td><td>970<\/td><\/tr><tr><td>Gewicht (kg)<\/td><td>178 \u2013 Honda GX390 13PS<br\/><br\/>198 \u2013 Vanguard 18PS<br\/><br\/>200 \u2013 Vorhut 23PS<\/td><\/tr><\/tbody><\/table><\/figure>\n","protected":false},"excerpt":{"rendered":"<p>Die Barikell Doppel 90 Poliermaschine. Die Maschine ist mit allen Optionen ausgestattet (einschlie\u00dflich zentralem Hebehaken, Wasserspr\u00fchsystem, 2 Frontscheiben, Getriebesatz, Gewichtsbl\u00f6cken und LED-Beleuchtung). Sie haben immer die Wahl zwischen 8 oder 10 Klingen an der Maschine. Sowie eine Auswahl des HONDA GX690-Motors oder des Vanguard 35 PS f\u00fcr etwas mehr Leistung. Diese Maschinen sind die leichtesten auf dem Markt und verf\u00fcgen \u00fcber die h\u00f6chste Drehzahl\/Minute. Das Untergestell ist in Chrom ausgef\u00fchrt, um die Reinigung von Beton zu erleichtern.    <\/p>\n","protected":false},"featured_media":11889,"template":"","meta":{"_acf_changed":false},"product_brand":[1124],"product_cat":[363],"product_tag":[],"class_list":{"0":"post-11905","1":"product","2":"type-product","3":"status-publish","4":"has-post-thumbnail","6":"product_brand-barikell-de","7":"product_cat-doppelpoliermaschinen","9":"first","10":"instock","11":"featured","12":"taxable","13":"shipping-taxable","14":"purchasable","15":"product-type-variable","16":"has-default-attributes"},"acf":[],"_links":{"self":[{"href":"https:\/\/mdbouwmachines.be\/de\/wp-json\/wp\/v2\/product\/11905","targetHints":{"allow":["GET"]}}],"collection":[{"href":"https:\/\/mdbouwmachines.be\/de\/wp-json\/wp\/v2\/product"}],"about":[{"href":"https:\/\/mdbouwmachines.be\/de\/wp-json\/wp\/v2\/types\/product"}],"wp:featuredmedia":[{"embeddable":true,"href":"https:\/\/mdbouwmachines.be\/de\/wp-json\/wp\/v2\/media\/11889"}],"wp:attachment":[{"href":"https:\/\/mdbouwmachines.be\/de\/wp-json\/wp\/v2\/media?parent=11905"}],"wp:term":[{"taxonomy":"product_brand","embeddable":true,"href":"https:\/\/mdbouwmachines.be\/de\/wp-json\/wp\/v2\/product_brand?post=11905"},{"taxonomy":"product_cat","embeddable":true,"href":"https:\/\/mdbouwmachines.be\/de\/wp-json\/wp\/v2\/product_cat?post=11905"},{"taxonomy":"product_tag","embeddable":true,"href":"https:\/\/mdbouwmachines.be\/de\/wp-json\/wp\/v2\/product_tag?post=11905"}],"curies":[{"name":"wp","href":"https:\/\/api.w.org\/{rel}","templated":true}]}}