{"id":11607,"date":"2025-01-30T09:02:10","date_gmt":"2025-01-30T08:02:10","guid":{"rendered":"https:\/\/mdbouwmachines.be\/product\/mk8-75-barikell\/"},"modified":"2025-06-23T12:34:58","modified_gmt":"2025-06-23T11:34:58","slug":"mk8-75-barikell","status":"publish","type":"product","link":"https:\/\/mdbouwmachines.be\/de\/produkt\/mk8-75-barikell\/","title":{"rendered":"BARIKELL MK8-75"},"content":{"rendered":"\n<hr class=\"wp-block-separator has-alpha-channel-opacity is-style-dots\" \/>\n\n<h2 class=\"wp-block-heading\">Definition<\/h2>\n\n<p><strong>Geschichte<\/strong>: Wir sind stolz darauf, Ihnen mitteilen zu k\u00f6nnen, dass MD Bouwmachines im Jahr 2005 der Erfinder und Gr\u00fcnder des MK8-75, auch bekannt als \u201ePassepartout\u201c, ist. Basierend auf einem Overlapper 90 wurde das Fahrwerk modifiziert und zun\u00e4chst mit einer Honda GX390 13PS motorisiert. Der Prototyp wurde in Zusammenarbeit mit Barikell fertiggestellt.    <\/p>\n\n<p>Durch seine schmale Bauweise ist das \u201ePassepartout\u201c sehr wendig, einfach zu bedienen und passt durch T\u00fcren. Daher ist die MK8-75 die ideale Maschine f\u00fcr gr\u00f6\u00dfere Arbeiten im Innenbereich, wie z. B. B\u00fcrogeb\u00e4ude. <\/p>\n\n<p>Heute wird diese Art von Doppelpoliermaschine weltweit von allen gro\u00dfen Herstellern angeboten. Inzwischen ist die neueste Version mit dem \u201eHigh Performance Kit\u201c ausgestattet. Es besteht aus einem Hochgeschwindigkeitsgetriebe mit einem doppelten Vanguard-Motor mit 23 PS.  <\/p>\n\n<p>F\u00fcr den Motor gibt es auch eine dritte Variante, n\u00e4mlich den Vanguard 18hp.<\/p>\n\n<hr class=\"wp-block-separator has-alpha-channel-opacity\" \/>\n\n<h2 class=\"wp-block-heading\">Hauptmerkmale<\/h2>\n\n<ul class=\"wp-block-list\">\n<li>2 nicht \u00fcberlappende Rotoren mit 4 Armen<\/li>\n\n\n\n<li>Versorgen:\n<ul class=\"wp-block-list\">\n<li>Wasserspr\u00fchsystem<\/li>\n\n\n\n<li>Haken zum Heben<\/li>\n\n\n\n<li>LED-Leuchten<\/li>\n\n\n\n<li>Doppeltes Hebesystem<\/li>\n<\/ul>\n<\/li>\n<\/ul>\n\n<hr class=\"wp-block-separator has-alpha-channel-opacity\" \/>\n\n<h2 class=\"wp-block-heading\">Technische Informationen<\/h2>\n\n<h3 class=\"wp-block-heading\"><strong>Allgemein<\/strong><\/h3>\n\n<figure class=\"wp-block-table\"><table class=\"has-fixed-layout\"><tbody><tr><td>Arbeitsdurchmesser<\/td><td>ca. 2&#215;75 cm (nicht \u00fcberlappend)<\/td><\/tr><\/tbody><\/table><\/figure>\n\n<h3 class=\"wp-block-heading\"><strong>Dimensionen<\/strong><\/h3>\n\n<figure class=\"wp-block-table\"><table class=\"has-fixed-layout\"><tbody><tr><td>L\u00e4nge (mm)<\/td><td>1550<\/td><\/tr><tr><td>Breite (mm)<\/td><td>800<\/td><\/tr><tr><td>H\u00f6he (mm)<\/td><td>970<\/td><\/tr><tr><td>Gewicht (kg)<\/td><td>178 \u2013 Honda GX390 13PS<br\/><br\/>198 \u2013 Vanguard 18PS<br\/><br\/>200 \u2013 Vorhut 23PS<\/td><\/tr><\/tbody><\/table><\/figure>\n","protected":false},"excerpt":{"rendered":"<p><strong>Der MK8-75, unser Stolz!<\/strong>  Lesen Sie unbedingt die Beschreibung und Geschichte dieser Doppel-75-Poliermaschine.<\/p>\n","protected":false},"featured_media":12036,"template":"","meta":{"_acf_changed":false},"product_brand":[1124],"product_cat":[363],"product_tag":[],"class_list":{"0":"post-11607","1":"product","2":"type-product","3":"status-publish","4":"has-post-thumbnail","6":"product_brand-barikell-de","7":"product_cat-doppelpoliermaschinen","9":"first","10":"instock","11":"taxable","12":"shipping-taxable","13":"purchasable","14":"product-type-variable","15":"has-default-attributes"},"acf":[],"_links":{"self":[{"href":"https:\/\/mdbouwmachines.be\/de\/wp-json\/wp\/v2\/product\/11607","targetHints":{"allow":["GET"]}}],"collection":[{"href":"https:\/\/mdbouwmachines.be\/de\/wp-json\/wp\/v2\/product"}],"about":[{"href":"https:\/\/mdbouwmachines.be\/de\/wp-json\/wp\/v2\/types\/product"}],"wp:featuredmedia":[{"embeddable":true,"href":"https:\/\/mdbouwmachines.be\/de\/wp-json\/wp\/v2\/media\/12036"}],"wp:attachment":[{"href":"https:\/\/mdbouwmachines.be\/de\/wp-json\/wp\/v2\/media?parent=11607"}],"wp:term":[{"taxonomy":"product_brand","embeddable":true,"href":"https:\/\/mdbouwmachines.be\/de\/wp-json\/wp\/v2\/product_brand?post=11607"},{"taxonomy":"product_cat","embeddable":true,"href":"https:\/\/mdbouwmachines.be\/de\/wp-json\/wp\/v2\/product_cat?post=11607"},{"taxonomy":"product_tag","embeddable":true,"href":"https:\/\/mdbouwmachines.be\/de\/wp-json\/wp\/v2\/product_tag?post=11607"}],"curies":[{"name":"wp","href":"https:\/\/api.w.org\/{rel}","templated":true}]}}