{"id":11577,"date":"2025-01-29T15:50:08","date_gmt":"2025-01-29T14:50:08","guid":{"rendered":"https:\/\/mdbouwmachines.be\/product\/fs-20b\/"},"modified":"2025-02-10T11:56:20","modified_gmt":"2025-02-10T10:56:20","slug":"fs-20b","status":"publish","type":"product","link":"https:\/\/mdbouwmachines.be\/de\/produkt\/fs-20b\/","title":{"rendered":"FS 20B"},"content":{"rendered":"","protected":false},"excerpt":{"rendered":"<p><strong>Besonders kompakte Bauweise<\/strong><br \/> Der manuelle Vorschub sorgt f\u00fcr eine gleichm\u00e4\u00dfige Schnittgeschwindigkeit, was einen geraden Schnitt garantiert und die Lebensdauer des S\u00e4geblatts verl\u00e4ngert \u2013 geringere Schnittkosten.<\/p>\n","protected":false},"featured_media":12675,"template":"","meta":{"_acf_changed":false},"product_brand":[1156],"product_cat":[334],"product_tag":[],"class_list":{"0":"post-11577","1":"product","2":"type-product","3":"status-publish","4":"has-post-thumbnail","6":"product_brand-lissmac-de","7":"product_cat-vloerzagen-de","8":"product_shipping_class-extra-de","10":"first","11":"instock","12":"taxable","13":"shipping-taxable","14":"purchasable","15":"product-type-simple"},"acf":[],"_links":{"self":[{"href":"https:\/\/mdbouwmachines.be\/de\/wp-json\/wp\/v2\/product\/11577","targetHints":{"allow":["GET"]}}],"collection":[{"href":"https:\/\/mdbouwmachines.be\/de\/wp-json\/wp\/v2\/product"}],"about":[{"href":"https:\/\/mdbouwmachines.be\/de\/wp-json\/wp\/v2\/types\/product"}],"wp:featuredmedia":[{"embeddable":true,"href":"https:\/\/mdbouwmachines.be\/de\/wp-json\/wp\/v2\/media\/12675"}],"wp:attachment":[{"href":"https:\/\/mdbouwmachines.be\/de\/wp-json\/wp\/v2\/media?parent=11577"}],"wp:term":[{"taxonomy":"product_brand","embeddable":true,"href":"https:\/\/mdbouwmachines.be\/de\/wp-json\/wp\/v2\/product_brand?post=11577"},{"taxonomy":"product_cat","embeddable":true,"href":"https:\/\/mdbouwmachines.be\/de\/wp-json\/wp\/v2\/product_cat?post=11577"},{"taxonomy":"product_tag","embeddable":true,"href":"https:\/\/mdbouwmachines.be\/de\/wp-json\/wp\/v2\/product_tag?post=11577"}],"curies":[{"name":"wp","href":"https:\/\/api.w.org\/{rel}","templated":true}]}}