{"id":19030,"date":"2025-06-13T10:23:11","date_gmt":"2025-06-13T09:23:11","guid":{"rendered":"https:\/\/mdbouwmachines.be\/rueckgaberecht\/"},"modified":"2025-06-13T10:27:18","modified_gmt":"2025-06-13T09:27:18","slug":"rueckgaberecht","status":"publish","type":"page","link":"https:\/\/mdbouwmachines.be\/de\/rueckgaberecht\/","title":{"rendered":"R\u00fcckgaberecht"},"content":{"rendered":"\n<p><strong>Allgemein<\/strong><\/p>\n\n<p>Wir verkaufen haupts\u00e4chlich professionelle Maschinen und Ger\u00e4te f\u00fcr den professionellen Einsatz. Die nachstehenden R\u00fcckgabebedingungen gelten f\u00fcr alle Bestellungen. <\/p>\n\n<p><strong>Stornierung vor der Lieferung<\/strong><\/p>\n\n<p>Bestellungen k\u00f6nnen kostenlos storniert werden, solange die Ware noch nicht versandt oder zur Abholung vorbereitet wurde. Sobald der Versand oder die Vorbereitung begonnen hat, gelten die folgenden R\u00fcckgabebedingungen. <\/p>\n\n<p><strong>M\u00e4ngel bei Lieferung<\/strong><\/p>\n\n<p>Nach Erhalt der Ware hat der Kunde diese unverz\u00fcglich zu \u00fcberpr\u00fcfen. Sichtbare Sch\u00e4den oder fehlende Teile m\u00fcssen innerhalb von 48 Stunden nach Lieferung schriftlich unter Beif\u00fcgung von Fotos gemeldet werden. <\/p>\n\n<p><strong>Versteckte M\u00e4ngel<\/strong><\/p>\n\n<p>Versteckte M\u00e4ngel sind innerhalb einer angemessenen Frist nach Entdeckung zu r\u00fcgen. Die gesetzlichen Bestimmungen zur Vertragsm\u00e4\u00dfigkeit bleiben in Kraft. <\/p>\n\n<p><strong>R\u00fcckgabe nach Lieferung<\/strong><\/p>\n\n<p>R\u00fccksendungen sind nur nach schriftlicher Genehmigung durch unseren Kundenservice m\u00f6glich. Nur unbenutzte und originale, unge\u00f6ffnete Ware kommt in Frage. Die R\u00fccksendekosten, einschlie\u00dflich Transport- und Wiedereinlagerungskosten, gehen vollst\u00e4ndig zu Lasten des Kunden.  <\/p>\n\n<p><strong>Ausnahmen<\/strong><\/p>\n\n<p>Speziell angefertigte, personalisierte oder speziell bestellte Maschinen k\u00f6nnen niemals zur\u00fcckgegeben werden.<\/p>\n\n<p><strong>Garantie<\/strong><\/p>\n\n<p>Unsere Produkte werden mit der vom Hersteller festgelegten Garantie geliefert. Gew\u00e4hrleistungsanspr\u00fcche werden gem\u00e4\u00df den allgemeinen Garantiebedingungen des Herstellers abgewickelt. <\/p>\n\n<p><strong>Geltendes Recht<\/strong><\/p>\n\n<p>F\u00fcr alle Verk\u00e4ufe und R\u00fccksendungen gilt belgisches Recht.<\/p>\n\n<p><\/p>\n\n<p><\/p>\n","protected":false},"excerpt":{"rendered":"<p>Allgemein Wir verkaufen haupts\u00e4chlich professionelle Maschinen und Ger\u00e4te f\u00fcr den professionellen Einsatz. Die nachstehenden R\u00fcckgabebedingungen gelten f\u00fcr alle Bestellungen. Stornierung vor der Lieferung Bestellungen k\u00f6nnen kostenlos storniert werden, solange die Ware noch nicht versandt oder zur Abholung vorbereitet wurde. Sobald der Versand oder die Vorbereitung begonnen hat, gelten die folgenden R\u00fcckgabebedingungen. M\u00e4ngel bei Lieferung Nach [&hellip;]<\/p>\n","protected":false},"author":1,"featured_media":0,"parent":0,"menu_order":0,"comment_status":"closed","ping_status":"closed","template":"","meta":{"_acf_changed":false,"footnotes":""},"class_list":["post-19030","page","type-page","status-publish","hentry"],"acf":[],"_links":{"self":[{"href":"https:\/\/mdbouwmachines.be\/de\/wp-json\/wp\/v2\/pages\/19030","targetHints":{"allow":["GET"]}}],"collection":[{"href":"https:\/\/mdbouwmachines.be\/de\/wp-json\/wp\/v2\/pages"}],"about":[{"href":"https:\/\/mdbouwmachines.be\/de\/wp-json\/wp\/v2\/types\/page"}],"author":[{"embeddable":true,"href":"https:\/\/mdbouwmachines.be\/de\/wp-json\/wp\/v2\/users\/1"}],"replies":[{"embeddable":true,"href":"https:\/\/mdbouwmachines.be\/de\/wp-json\/wp\/v2\/comments?post=19030"}],"version-history":[{"count":1,"href":"https:\/\/mdbouwmachines.be\/de\/wp-json\/wp\/v2\/pages\/19030\/revisions"}],"predecessor-version":[{"id":19031,"href":"https:\/\/mdbouwmachines.be\/de\/wp-json\/wp\/v2\/pages\/19030\/revisions\/19031"}],"wp:attachment":[{"href":"https:\/\/mdbouwmachines.be\/de\/wp-json\/wp\/v2\/media?parent=19030"}],"curies":[{"name":"wp","href":"https:\/\/api.w.org\/{rel}","templated":true}]}}