{"id":14230,"date":"2025-01-19T17:54:55","date_gmt":"2025-01-19T16:54:55","guid":{"rendered":"https:\/\/mdbouwmachines.be\/datenschutzrichtlinie\/"},"modified":"2025-02-12T14:26:50","modified_gmt":"2025-02-12T13:26:50","slug":"datenschutzrichtlinie","status":"publish","type":"page","link":"https:\/\/mdbouwmachines.be\/de\/datenschutzrichtlinie\/","title":{"rendered":"Datenschutzrichtlinie"},"content":{"rendered":"\n<p>MD BOUWMACHINES BV, eine Gesellschaft belgischen Rechts mit der Firmennummer BE0560.939.617. und der eingetragenen Adresse Grote Leiestraat 68, 8570 Anzegem, Belgien (im Folgenden als \u201eMD BOUWMACHINES\u201d bezeichnet), verarbeitet als Datenverantwortlicher personenbezogene Daten in \u00dcbereinstimmung mit geltendem Recht, einschlie\u00dflich der Datenschutz-Grundverordnung (\u201e<strong>DSGVO\u201d).<\/strong> <\/p>\n\n<p><strong>1 ARTEN VON PERSONENBEZOGENEN DATEN, DIE MD BOUWMACHINES VERARBEITET<\/strong><\/p>\n\n<p>MD BOUWMACHINES verarbeitet personenbezogene Daten, die von Ihnen zur Verf\u00fcgung gestellt wurden und\/oder die MD BOUWMACHINES von Ihnen erhebt.<\/p>\n\n<p><strong>PERSONENBEZOGENE DATEN, <\/strong> DIE <strong><em>SIE MD BOUWMACHINES<\/em><\/strong><strong> ZUR VERF\u00dcGUNG STELLEN<\/strong><\/p>\n\n<p>Wenn Sie mit MD BOUWMACHINES in Ihrer Rolle als Vertreter oder Kontaktperson der Organisation, f\u00fcr die Sie arbeiten, oder als Besucher unserer Website, Besucher oder Teilnehmer unserer Veranstaltungen, Abonnent unseres Newsletters, Magazins oder beim Herunterladen von Material von der MD BOUWMACHINES-Website kommunizieren, verarbeitet MD BOUWMACHINES die von Ihnen zur Verf\u00fcgung gestellten personenbezogenen Daten. Zu den personenbezogenen Daten, die Sie uns zur Verf\u00fcgung stellen und die wir verarbeiten, geh\u00f6ren beispielsweise Ihr Vor- und Nachname, Titel oder Funktion, Postanschrift, E-Mail-Adresse, Telefonnummer und Beziehung zu MD BOUWMACHINES. <\/p>\n\n<p><strong>PERSONENBEZOGENE DATEN, DIE <\/strong><strong><em>MD BOUWMACHINES<\/em><\/strong><strong> VON IHNEN SAMMELT<\/strong><\/p>\n\n<p>Wenn Sie mit MD BOUWMACHINES in Ihrer Rolle als Vertreter oder Kontaktperson der Organisation, f\u00fcr die Sie arbeiten, oder als Besucher unserer Website, Besucher oder Teilnehmer unserer Veranstaltungen, Abonnent unseres Newsletters, Magazins oder beim Herunterladen von Material von der MD BOUWMACHINES-Website kommunizieren, erhebt MD BOUWMACHINES personenbezogene Daten von Ihnen. Dazu geh\u00f6ren z.B. Ihre IP-Adresse, Informationen dar\u00fcber, welche Unterseite Sie besucht haben und ob Sie die E-Mails von MD BOUWMACHINES ge\u00f6ffnet haben. <\/p>\n\n<p><strong>PERSONENBEZOGENE DATEN \u00dcBER DRITTE, DIE IN DER MITTEILUNG ENTHALTEN SIND<\/strong><\/p>\n\n<p>MD BOUWMACHINES kann E-Mails oder andere Informationen erhalten, die personenbezogene Daten \u00fcber Dritte enthalten, und verarbeitet daher diese Daten. Gegebenenfalls wird MD BOUWMACHINES Sie gesondert \u00fcber die Verarbeitung als Dritter informieren. <\/p>\n\n<p><strong>BESTIMMTE PROJEKTE UND SITUATIONEN<\/strong><\/p>\n\n<p>MD BOUWMACHINES kann in bestimmten Situationen und Umst\u00e4nden zus\u00e4tzliche personenbezogene Daten \u00fcber Sie verarbeiten, z. B. wenn Sie an unseren Schulungsveranstaltungen teilnehmen, sich mit einem Konto in unserem Online-Shop registrieren usw. MD BOUWMACHINES wird Ihnen dann separate und zus\u00e4tzliche Informationen \u00fcber die Verarbeitung Ihrer personenbezogenen Daten in solchen Situationen zur Verf\u00fcgung stellen. <\/p>\n\n<p><strong>2 WAS SIND DIE ZWECKE UND RECHTSGRUNDLAGEN DER VERARBEITUNG?<\/strong><\/p>\n\n<p>Es ist wichtig, dass Sie die Zwecke der Verarbeitung Ihrer personenbezogenen Daten durch MD BOUWMACHINES sowie unsere Rechtsgrundlage f\u00fcr die Verarbeitung Ihrer Daten verstehen.<\/p>\n\n<p><strong>VERTRAG ZWISCHEN IHNEN ODER IHRER ORGANISATION UND <\/strong><strong><em>MD BOUWMACHINES<\/em><\/strong><\/p>\n\n<p>Um die Verpflichtung von MD BOUWMACHINES Ihnen oder Ihrer Organisation gegen\u00fcber zu erf\u00fcllen, verarbeitet MD BOUWMACHINES Ihre personenbezogenen Daten wie Vor- und Nachname, Titel oder Position, Postanschrift, E-Mail-Adresse, Telefonnummer, IP-Adresse und Status Ihrer Beziehung zu MD BOUWMACHINES. Die Rechtsgrundlage f\u00fcr die Verarbeitung personenbezogener Daten durch MD BOUWMACHINES, die sich auf Sie als privates Unternehmen beziehen, besteht darin, dass die Verarbeitung f\u00fcr die Erf\u00fcllung unseres Vertrags oder zur Durchf\u00fchrung von Ma\u00dfnahmen zum Abschluss dieses Vertrags erforderlich ist. Wenn Sie mit MD BOUWMACHINES in Ihrer Rolle als Vertreter oder Kontaktperson f\u00fcr Ihre Organisation in Kontakt treten, verarbeitet MD BOUWMACHINES Ihre personenbezogenen Daten (oben aufgef\u00fchrt), um die Verpflichtung von MD BOUWMACHINES gegen\u00fcber Ihrer Organisation zu erf\u00fcllen. Die Rechtsgrundlage f\u00fcr die Verarbeitung Ihrer personenbezogenen Daten durch MD BOUWMACHINES ist, dass es notwendig ist, den Zweck von MD BOUWMACHINES zu erf\u00fcllen, mit einem Vertreter seines Gesch\u00e4ftspartners zu kommunizieren, um die Gesch\u00e4ftsbeziehung erf\u00fcllen zu k\u00f6nnen. Die Interessen von MD BOUWMACHINES haben Vorrang vor Ihrem potenziellen Interesse am Schutz Ihrer Privatsph\u00e4re.    <\/p>\n\n<p><strong>MARKETINGZWECKE<\/strong><\/p>\n\n<p>MD BOUWMACHINES verarbeitet Ihren Namen, Ihre E-Mail-Adresse und Ihre regul\u00e4re Anschrift zu Marketingzwecken, unter anderem mit elektronischen Kommunikationsdiensten. Direktmarketing kann per Post oder per E-Mail versendet werden. Die Rechtsgrundlage f\u00fcr die Verarbeitung Ihrer personenbezogenen Daten zu Marketingzwecken durch MD BOUWMACHINES besteht darin, dass die Verarbeitung erforderlich ist, um das berechtigte Interesse von MD BOUWMACHINES an der Vermarktung der Produkte von MD BOUWMACHINES an Sie und die von Ihnen vertretene Organisation zu erf\u00fcllen. Die Verarbeitung Ihrer personenbezogenen Daten durch MD BOUWMACHINES zu Marketingzwecken hat Vorrang vor Ihrem potenziellen Interesse am Schutz Ihrer Privatsph\u00e4re.   <\/p>\n\n<p><strong>RECHNUNGSLEGUNGSZWECKE<\/strong><\/p>\n\n<p>MD BOUWMACHINES verarbeitet Informationen \u00fcber Finanztransaktionen zwischen MD BOUWMACHINES und Ihrer Organisation zu Buchhaltungszwecken, was die Verarbeitung Ihrer personenbezogenen Daten (wie Vor- und Nachname, Titel oder Funktion, Postanschrift, E-Mail-Adresse und Telefonnummer) umfassen kann. Die Rechtsgrundlage f\u00fcr die Verarbeitung Ihrer personenbezogenen Daten zu Buchhaltungszwecken durch MD BOUWMACHINES besteht darin, dass die Verarbeitung erforderlich ist, um das berechtigte Interesse von MD BOUWMACHINES an der Erf\u00fcllung unserer gesetzlichen Verpflichtungen gem\u00e4\u00df den geltenden Rechnungslegungsgesetzen zu erf\u00fcllen. <\/p>\n\n<p><strong>3 WIE LANGE VERARBEITET MD BOUWMACHINES IHRE PERSONENBEZOGENEN DATEN?<\/strong><\/p>\n\n<p>MD BOUWMACHINES bewahrt Ihre personenbezogenen Daten so lange auf, wie es f\u00fcr die Verarbeitung im Zusammenhang mit den in den Abschnitten 1 und 2 beschriebenen Zwecken und Rechtsgrundlagen erforderlich ist. Ihre personenbezogenen Daten k\u00f6nnen an verschiedenen Orten\/Systemen und zu unterschiedlichen Zwecken verarbeitet und gespeichert werden. Personenbezogene Daten, die von einem System gel\u00f6scht werden, k\u00f6nnen an einem anderen Ort\/System f\u00fcr andere Zwecke weiterverarbeitet und gespeichert werden.    <\/p>\n\n<p>Personenbezogene Daten, die MD BOUWMACHINES verarbeitet, um die <strong>vertraglichen Verpflichtungen <\/strong>von MD BOUWMACHINES Ihnen oder der von Ihnen vertretenen Organisation gegen\u00fcber zu erf\u00fcllen, werden nicht l\u00e4nger gespeichert, als es f\u00fcr MD BOUWMACHINES erforderlich ist, um seinen Vertrag mit Ihnen oder Ihrer Organisation erf\u00fcllen zu k\u00f6nnen.<\/p>\n\n<p>Personenbezogene Daten, die MD BOUWMACHINES zu <strong>Marketingzwecken <\/strong>verarbeitet, werden f\u00fcr einen Zeitraum von maximal einem Jahr verarbeitet und gespeichert, nachdem wir die Information erhalten haben, dass Sie nicht mehr die Kontaktperson f\u00fcr Ihre Organisation sind.<\/p>\n\n<p>Personenbezogene Daten, die MD BOUWMACHINES zu <strong>Buchhaltungszwecken <\/strong>verarbeitet, werden gem\u00e4\u00df den geltenden Rechnungslegungsvorschriften maximal sieben Jahre lang aufbewahrt.<\/p>\n\n<p><strong>4 AN WEN \u00dcBERMITTELT MD BOUWMACHINES IHRE PERSONENBEZOGENEN DATEN UND WO WERDEN SIE GEOGRAFISCH VERARBEITET?<\/strong><\/p>\n\n<p>Neben der Verarbeitung Ihrer personenbezogenen Daten durch MD BOUWMACHINES k\u00f6nnen diese auch von anderen verarbeitet werden. Ihre personenbezogenen Daten werden an verbundene Unternehmen und Verk\u00e4ufer von MD BOUWMACHINES weitergegeben und von diesen verarbeitet, um den Vertrag mit Ihnen oder der von Ihnen vertretenen Organisation abzuwickeln, einschlie\u00dflich der Bereitstellung eines relevanten Kundensupports.   <\/p>\n\n<p>MD BOUWMACHINES kann Ihre personenbezogenen Daten auch offenlegen, um eine Fusion, einen Erwerb oder einen Verkauf aller oder einiger Teile von MD BOUWMACHINES zu erleichtern.<\/p>\n\n<p>MD BOUWMACHINES kann Ihre personenbezogenen Daten auch an Beh\u00f6rden weitergeben, die von MD BOUWMACHINES die Offenlegung dieser Daten verlangen.<\/p>\n\n<p>Ihre personenbezogenen Daten werden auch an Unternehmen weitergegeben, die personenbezogene Daten im Auftrag von MD BOUWMACHINES verarbeiten, die sogenannten Datenverarbeiter. MD BOUWMACHINES hat Vereinbarungen getroffen, die sicherstellen, dass die Datenverarbeiter Ihre personenbezogenen Daten in \u00dcbereinstimmung mit dieser Datenschutzrichtlinie und den Anweisungen von MD BOUWMACHINES verarbeiten. <\/p>\n\n<p>Ihre personenbezogenen Daten werden an Unternehmen innerhalb und au\u00dferhalb der EU und des EWR weitergegeben. F\u00fcr den Fall, dass Ihre personenbezogenen Daten an ein Unternehmen au\u00dferhalb der EU\/des EWR \u00fcbermittelt werden, wird MD Bouwmachines alle erforderlichen Ma\u00dfnahmen ergreifen, um sicherzustellen, dass Ihre personenbezogenen Daten gesch\u00fctzt bleiben, und es werden die notwendigen Schritte unternommen, um sicherzustellen, dass die \u00dcbermittlung in \u00dcbereinstimmung mit den gesetzlichen Bestimmungen (haupts\u00e4chlich in der DSGVO) erfolgt. <\/p>\n\n<p><strong>5 IHRE RECHTE<\/strong><\/p>\n\n<p>Wenn MD BOUWMACHINES Ihre personenbezogenen Daten verarbeitet, haben Sie bestimmte gesetzliche Rechte. Bitte beachten Sie, dass die Aus\u00fcbung dieser Rechte bestimmten Anforderungen und Bedingungen unterliegt, die im Gesetz (haupts\u00e4chlich in der DSGVO) festgelegt sind. <\/p>\n\n<p><strong>IHR RECHT AUF INFORMATION UND AUSKUNFT<\/strong><\/p>\n\n<p>Sie haben das Recht, dar\u00fcber informiert zu werden, wie MD BOUWMACHINES Ihre personenbezogenen Daten verarbeitet. Aus diesem Grund haben wir diese Datenschutzrichtlinie erstellt, die MD BOUWMACHINES dazu anregt, sie sorgf\u00e4ltig zu lesen. Dar\u00fcber hinaus haben Sie das Recht, auf schriftliche Anfrage kostenlos Auskunft dar\u00fcber zu erhalten, welche personenbezogenen Daten MD BOUWMACHINES speichert und wie sie verwendet und verarbeitet werden.    <\/p>\n\n<p>Wenn sich herausstellt, dass Ihre Anfrage unbegr\u00fcndet oder \u00fcbertrieben ist, z. B. wenn Sie regelm\u00e4\u00dfig und kurzfristig Informationen oder eine Kopie Ihrer personenbezogenen Daten anfordern, hat MD BOUWMACHINES das Recht, eine Antwort auf Ihre Anfrage abzulehnen oder eine angemessene Geb\u00fchr zu erheben, die die Verwaltungskosten der von Ihnen angeforderten Ma\u00dfnahme abdeckt.<\/p>\n\n<p><strong>IHR RECHT AUF BERICHTIGUNG UND L\u00d6SCHUNG<\/strong><\/p>\n\n<p>F\u00fcr den Fall, dass Ihre personenbezogenen Daten unrichtig oder unvollst\u00e4ndig sind, haben Sie das Recht, von MD BOUWMACHINES die Berichtigung, Erg\u00e4nzung oder L\u00f6schung der personenbezogenen Daten zu verlangen.<\/p>\n\n<p>Unter bestimmten Umst\u00e4nden haben Sie das Recht, die L\u00f6schung Ihrer personenbezogenen Daten zu verlangen (wie in der DSGVO festgelegt). Sofern Ihre Anfrage unter einen der zutreffenden Umst\u00e4nde f\u00e4llt, werden wir Ihre personenbezogenen Daten l\u00f6schen. <\/p>\n\n<p><strong>IHR RECHT AUF WIDERSPRUCH<\/strong><\/p>\n\n<p>Sie haben das Recht, der Verarbeitung Ihrer personenbezogenen Daten f\u00fcr Zwecke der Direktwerbung, einschlie\u00dflich Profiling-Analysen, zu widersprechen.<\/p>\n\n<p>Wenn Sie nicht m\u00f6chten, dass Ihre Daten f\u00fcr Direktmarketing, einschlie\u00dflich Profiling-Analysen, verwendet werden, k\u00f6nnen Sie uns dies mitteilen, indem Sie eine E-Mail an dionmartens@mdbouwmachines.be senden.<\/p>\n\n<p><strong>IHR RECHT AUF EINSCHR\u00c4NKUNG DER VERARBEITUNG<\/strong><\/p>\n\n<p>Unter bestimmten Umst\u00e4nden (gem\u00e4\u00df der DSGVO) haben Sie das Recht, die Einschr\u00e4nkung der Verarbeitung Ihrer personenbezogenen Daten zu verlangen. In diesem Fall werden Ihre personenbezogenen Daten, von der Speicherung abgesehen, nur mit Ihrer Einwilligung oder zur Geltendmachung, Aus\u00fcbung und Verteidigung von Rechtsanspr\u00fcchen oder zum Schutz der Rechte einer nat\u00fcrlichen oder juristischen Person oder aus Gr\u00fcnden des \u00f6ffentlichen Interesses verarbeitet. <\/p>\n\n<p><strong>IHR RECHT AUF DATEN\u00dcBERTRAGBARKEIT<\/strong><\/p>\n\n<p>Unter bestimmten Umst\u00e4nden (gem\u00e4\u00df der DSGVO) haben Sie das Recht, Ihre personenbezogenen Daten, die Sie MD BOUWMACHINES data zur Verf\u00fcgung gestellt haben, in einem strukturierten, allgemein gebr\u00e4uchlichen und lesbaren Format zu erhalten, damit diese Daten an einen anderen f\u00fcr die Verarbeitung Verantwortlichen \u00fcbermittelt werden k\u00f6nnen. Sie haben auch das Recht, soweit technisch machbar, zu verlangen, dass personenbezogene Daten direkt von uns an einen anderen Verantwortlichen \u00fcbermittelt werden. <\/p>\n\n<p><strong>IHR RECHT, EINE BESCHWERDE EINZUREICHEN<\/strong><\/p>\n\n<p>Wir empfehlen Ihnen, sich mit uns in Verbindung zu setzen, wenn Sie Fragen zu dieser Datenschutzrichtlinie haben oder wenn Sie mit der Art und Weise, wie MD BOUWMACHINES Ihre personenbezogenen Daten verarbeitet, nicht zufrieden sind.<\/p>\n\n<p>Sie haben auch das Recht, bei der Aufsichtsbeh\u00f6rde eine Beschwerde \u00fcber die Verarbeitung personenbezogener Daten durch MD BOUWMACHINERY oder die Bearbeitung aller damit verbundenen Fragen einzureichen. Zum Zeitpunkt der Erstellung dieser Datenschutzerkl\u00e4rung ist die Aufsichtsbeh\u00f6rde die \u201eCommission de la protection de la vie priv\u00e9e\u201d. <\/p>\n\n<p>Commission de la protection de la vie priv\u00e9e<br\/>Rue de la Presse 35<br\/>1000 Br\u00fcssel<\/p>\n\n<p><a href=\"mailto:commission@privacycommission.be\">commission@privacycommission.be<\/a><br\/><a href=\"http:\/\/www.privacycommission.be\/\" target=\"_blank\" rel=\"noopener\">www.privacycommission.be<\/a><\/p>\n\n<p><strong>6 KEKSE<\/strong><\/p>\n\n<p>MD BOUWMACHINES verwendet Cookies auf der Website von MD BOUWMACHINES.be. Lesen Sie die Cookie-Richtlinie von MD BOUWMACHINES<strong>.<\/strong> <\/p>\n\n<p><strong>7 \u00c4NDERUNGEN AN DIESER DATENSCHUTZERKL\u00c4RUNG<\/strong><\/p>\n\n<p>MD BOUWMACHINES beh\u00e4lt sich das Recht vor, diese Datenschutzrichtlinie zu \u00e4ndern. Jede neue Version dieser Datenschutzrichtlinie wird auf der Website von MD BOUWMACHINES zur Verf\u00fcgung gestellt. <\/p>\n\n<p><\/p>\n","protected":false},"excerpt":{"rendered":"<p>MD BOUWMACHINES BV, eine Gesellschaft belgischen Rechts mit der Firmennummer BE0560.939.617. und der eingetragenen Adresse Grote Leiestraat 68, 8570 Anzegem, Belgien (im Folgenden als \u201eMD BOUWMACHINES\u201d bezeichnet), verarbeitet als Datenverantwortlicher personenbezogene Daten in \u00dcbereinstimmung mit geltendem Recht, einschlie\u00dflich der Datenschutz-Grundverordnung (\u201eDSGVO\u201d). 1 ARTEN VON PERSONENBEZOGENEN DATEN, DIE MD BOUWMACHINES VERARBEITET MD BOUWMACHINES verarbeitet personenbezogene Daten, [&hellip;]<\/p>\n","protected":false},"author":1,"featured_media":0,"parent":0,"menu_order":0,"comment_status":"closed","ping_status":"open","template":"","meta":{"_acf_changed":false,"footnotes":""},"class_list":["post-14230","page","type-page","status-publish","hentry"],"acf":[],"_links":{"self":[{"href":"https:\/\/mdbouwmachines.be\/de\/wp-json\/wp\/v2\/pages\/14230","targetHints":{"allow":["GET"]}}],"collection":[{"href":"https:\/\/mdbouwmachines.be\/de\/wp-json\/wp\/v2\/pages"}],"about":[{"href":"https:\/\/mdbouwmachines.be\/de\/wp-json\/wp\/v2\/types\/page"}],"author":[{"embeddable":true,"href":"https:\/\/mdbouwmachines.be\/de\/wp-json\/wp\/v2\/users\/1"}],"replies":[{"embeddable":true,"href":"https:\/\/mdbouwmachines.be\/de\/wp-json\/wp\/v2\/comments?post=14230"}],"version-history":[{"count":0,"href":"https:\/\/mdbouwmachines.be\/de\/wp-json\/wp\/v2\/pages\/14230\/revisions"}],"wp:attachment":[{"href":"https:\/\/mdbouwmachines.be\/de\/wp-json\/wp\/v2\/media?parent=14230"}],"curies":[{"name":"wp","href":"https:\/\/api.w.org\/{rel}","templated":true}]}}